{"id":3716,"date":"2024-08-19T13:08:04","date_gmt":"2024-08-19T13:08:04","guid":{"rendered":"https:\/\/elos.vc\/site\/?page_id=3716"},"modified":"2024-08-28T12:57:37","modified_gmt":"2024-08-28T12:57:37","slug":"seguranca-da-informacao","status":"publish","type":"page","link":"https:\/\/elos.vc\/site\/seguranca-da-informacao\/","title":{"rendered":"Seguran\u00e7a da Informa\u00e7\u00e3o"},"content":{"rendered":"\t\t<div data-elementor-type=\"wp-page\" data-elementor-id=\"3716\" class=\"elementor elementor-3716\" data-elementor-post-type=\"page\">\n\t\t\t\t<div class=\"elementor-element elementor-element-34b19e17 e-flex e-con-boxed elementor-invisible e-con e-parent\" data-id=\"34b19e17\" data-element_type=\"container\" data-settings=\"{&quot;animation&quot;:&quot;fadeIn&quot;}\">\n\t\t\t\t\t<div class=\"e-con-inner\">\n\t\t\t\t<div class=\"elementor-element elementor-element-6cc7903b elementor-widget elementor-widget-heading\" data-id=\"6cc7903b\" data-element_type=\"widget\" data-widget_type=\"heading.default\">\n\t\t\t\t<div class=\"elementor-widget-container\">\n\t\t\t<style>\/*! elementor - v3.21.0 - 08-05-2024 *\/\n.elementor-heading-title{padding:0;margin:0;line-height:1}.elementor-widget-heading .elementor-heading-title[class*=elementor-size-]>a{color:inherit;font-size:inherit;line-height:inherit}.elementor-widget-heading .elementor-heading-title.elementor-size-small{font-size:15px}.elementor-widget-heading .elementor-heading-title.elementor-size-medium{font-size:19px}.elementor-widget-heading .elementor-heading-title.elementor-size-large{font-size:29px}.elementor-widget-heading .elementor-heading-title.elementor-size-xl{font-size:39px}.elementor-widget-heading .elementor-heading-title.elementor-size-xxl{font-size:59px}<\/style><h2 class=\"elementor-heading-title elementor-size-default\">Pol\u00edtica Geral da Seguran\u00e7a da Informa\u00e7\u00e3o<\/h2>\t\t<\/div>\n\t\t\t\t<\/div>\n\t\t<div class=\"elementor-element elementor-element-65bd2eb3 e-flex e-con-boxed e-con e-child\" data-id=\"65bd2eb3\" data-element_type=\"container\">\n\t\t\t\t\t<div class=\"e-con-inner\">\n\t\t\t\t<div class=\"elementor-element elementor-element-6d930e4 elementor-widget elementor-widget-heading\" data-id=\"6d930e4\" data-element_type=\"widget\" data-widget_type=\"heading.default\">\n\t\t\t\t<div class=\"elementor-widget-container\">\n\t\t\t<h2 class=\"elementor-heading-title elementor-size-default\">Introdu\u00e7\u00e3o<\/h2>\t\t<\/div>\n\t\t\t\t<\/div>\n\t\t\t\t<div class=\"elementor-element elementor-element-6a43fc5c termos elementor-widget elementor-widget-text-editor\" data-id=\"6a43fc5c\" data-element_type=\"widget\" data-widget_type=\"text-editor.default\">\n\t\t\t\t<div class=\"elementor-widget-container\">\n\t\t\t<style>\/*! elementor - v3.21.0 - 08-05-2024 *\/\n.elementor-widget-text-editor.elementor-drop-cap-view-stacked .elementor-drop-cap{background-color:#69727d;color:#fff}.elementor-widget-text-editor.elementor-drop-cap-view-framed .elementor-drop-cap{color:#69727d;border:3px solid;background-color:transparent}.elementor-widget-text-editor:not(.elementor-drop-cap-view-default) .elementor-drop-cap{margin-top:8px}.elementor-widget-text-editor:not(.elementor-drop-cap-view-default) .elementor-drop-cap-letter{width:1em;height:1em}.elementor-widget-text-editor .elementor-drop-cap{float:left;text-align:center;line-height:1;font-size:50px}.elementor-widget-text-editor .elementor-drop-cap-letter{display:inline-block}<\/style>\t\t\t\t<p><span style=\"font-weight: 400;\">A Mconf tem como miss\u00e3o possibilitar conex\u00f5es e expandir neg\u00f3cios por meio da tecnologia. Dentre nossos valores, a integridade como aspecto fundamental reflete o quanto a seguran\u00e7a da informa\u00e7\u00e3o \u00e9 essencial para assegurar a qualidade e a confiabilidade em nossos produtos, bem como para garantir o melhor ambiente de trabalho \u00e0s pessoas colaboradoras e parceiras da empresa.<\/span><\/p><p><span style=\"font-weight: 400;\">Compreendemos que o manuseio de dados e informa\u00e7\u00f5es nos sujeita a diferentes n\u00edveis de exposi\u00e7\u00e3o, conforme estes trafegam por distintos meios de comunica\u00e7\u00e3o, armazenamento e processamento. Portanto \u00e9 essencial que boas pr\u00e1ticas e normas sejam mantidas, alinhadas a esta Pol\u00edtica Geral de Seguran\u00e7a da Informa\u00e7\u00e3o, visando garantir nada menos que os n\u00edveis adequados de prote\u00e7\u00e3o a esse valioso recurso, como parte indispens\u00e1vel de nosso sistema de gest\u00e3o.<\/span><\/p>\t\t\t\t\t\t<\/div>\n\t\t\t\t<\/div>\n\t\t\t\t<div class=\"elementor-element elementor-element-ad6b0cf elementor-widget elementor-widget-heading\" data-id=\"ad6b0cf\" data-element_type=\"widget\" data-widget_type=\"heading.default\">\n\t\t\t\t<div class=\"elementor-widget-container\">\n\t\t\t<h2 class=\"elementor-heading-title elementor-size-default\">Prop\u00f3sito<\/h2>\t\t<\/div>\n\t\t\t\t<\/div>\n\t\t\t\t<div class=\"elementor-element elementor-element-89ac152 termos elementor-widget elementor-widget-text-editor\" data-id=\"89ac152\" data-element_type=\"widget\" data-widget_type=\"text-editor.default\">\n\t\t\t\t<div class=\"elementor-widget-container\">\n\t\t\t\t\t\t\t<p><span style=\"font-weight: 400;\">Este documento tem por finalidade formalizar as diretrizes da Pol\u00edtica Geral de Seguran\u00e7a da Informa\u00e7\u00e3o da Mconf, visando a prote\u00e7\u00e3o dos ativos de informa\u00e7\u00e3o de modo seguro e transparente, atrav\u00e9s da preven\u00e7\u00e3o, detec\u00e7\u00e3o e redu\u00e7\u00e3o dos riscos associados, de forma alinhada ao neg\u00f3cio, complexidade e porte da empresa.<\/span><\/p><p><span style=\"font-weight: 400;\">Ademais, esta Pol\u00edtica \u00e9 um documento estrat\u00e9gico, que estabelece os conceitos e diretrizes para promover a utiliza\u00e7\u00e3o segura dos ativos de informa\u00e7\u00e3o de todos os colaboradores e parceiros da Mconf \u2013 que deve implementar solu\u00e7\u00f5es de natureza multidisciplinar, com aten\u00e7\u00e3o \u00e0s normas e regulamenta\u00e7\u00f5es aplic\u00e1veis, preservando a confidencialidade, a integridade e a disponibilidade das informa\u00e7\u00f5es para resolu\u00e7\u00e3o de incidentes e delibera\u00e7\u00e3o de procedimentos a serem adotados para a tomada de decis\u00e3o.<\/span><\/p>\t\t\t\t\t\t<\/div>\n\t\t\t\t<\/div>\n\t\t\t\t<div class=\"elementor-element elementor-element-70453b9 elementor-widget elementor-widget-heading\" data-id=\"70453b9\" data-element_type=\"widget\" data-widget_type=\"heading.default\">\n\t\t\t\t<div class=\"elementor-widget-container\">\n\t\t\t<h2 class=\"elementor-heading-title elementor-size-default\">Destinat\u00e1rios<\/h2>\t\t<\/div>\n\t\t\t\t<\/div>\n\t\t\t\t<div class=\"elementor-element elementor-element-770c6a4 termos elementor-widget elementor-widget-text-editor\" data-id=\"770c6a4\" data-element_type=\"widget\" data-widget_type=\"text-editor.default\">\n\t\t\t\t<div class=\"elementor-widget-container\">\n\t\t\t\t\t\t\t<p><span style=\"font-weight: 400;\">Esta Pol\u00edtica se aplica a todos os s\u00f3cios, diretores, gestores, administradores, funcion\u00e1rios, prestadores de servi\u00e7os, prepostos, terceirizados e quaisquer demais pessoas f\u00edsicas ou jur\u00eddicas contratadas ou outras entidades que participem, de forma direta ou indireta, das atividades di\u00e1rias e neg\u00f3cios da Mconf, incluindo clientes e usu\u00e1rios dos produtos desenvolvidos pela Mconf.<\/span><\/p>\t\t\t\t\t\t<\/div>\n\t\t\t\t<\/div>\n\t\t\t\t<div class=\"elementor-element elementor-element-26f5543 elementor-widget elementor-widget-heading\" data-id=\"26f5543\" data-element_type=\"widget\" data-widget_type=\"heading.default\">\n\t\t\t\t<div class=\"elementor-widget-container\">\n\t\t\t<h2 class=\"elementor-heading-title elementor-size-default\">Princ\u00edpios e diretrizes<\/h2>\t\t<\/div>\n\t\t\t\t<\/div>\n\t\t\t\t<div class=\"elementor-element elementor-element-5b7f527 termos elementor-widget elementor-widget-text-editor\" data-id=\"5b7f527\" data-element_type=\"widget\" data-widget_type=\"text-editor.default\">\n\t\t\t\t<div class=\"elementor-widget-container\">\n\t\t\t\t\t\t\t<p><span style=\"font-weight: 400;\">Para os fins desta Pol\u00edtica, a atua\u00e7\u00e3o da Mconf e dos destinat\u00e1rios, no \u00e2mbito da empresa, no que tange \u00e0s melhores pr\u00e1ticas de Seguran\u00e7a da Informa\u00e7\u00e3o, reger-se-\u00e1 pelos princ\u00edpios da dilig\u00eancia, confidencialidade, adequa\u00e7\u00e3o, disponibilidade, autenticidade, prote\u00e7\u00e3o e a continuidade, bem como pelas seguintes diretrizes:<\/span><\/p><ul><li>Confidencialidade: Somente o usu\u00e1rio da informa\u00e7\u00e3o, que esteja devidamente autorizado pelo gestor da informa\u00e7\u00e3o, deve ter acesso \u00e0s Informa\u00e7\u00f5es respeitando os crit\u00e9rios de segrega\u00e7\u00e3o de fun\u00e7\u00f5es;<\/li><li style=\"font-weight: 400;\" aria-level=\"1\"><span style=\"font-weight: 400;\">Adequa\u00e7\u00e3o: Garantir que informa\u00e7\u00f5es n\u00e3o sejam alteradas desde a sua cria\u00e7\u00e3o at\u00e9 seu uso. Eventuais altera\u00e7\u00f5es, supress\u00f5es e\/ou adi\u00e7\u00f5es devem ser autorizadas pela gest\u00e3o da informa\u00e7\u00e3o da Mconf;<\/span><\/li><li style=\"font-weight: 400;\" aria-level=\"1\"><span style=\"font-weight: 400;\">Disponibilidade: Deve garantir que as informa\u00e7\u00f5es estejam sempre dispon\u00edveis para o usu\u00e1rio da informa\u00e7\u00e3o;<\/span><\/li><li style=\"font-weight: 400;\" aria-level=\"1\"><span style=\"font-weight: 400;\">Autenticidade: Garante a identidade de quem est\u00e1 enviando a Informa\u00e7\u00e3o, ou seja, gera o n\u00e3o-rep\u00fadio que se d\u00e1 quando h\u00e1 garantia de que o emissor n\u00e3o pode se esquivar da autoria da mensagem (irretratabilidade);<\/span><\/li><li style=\"font-weight: 400;\" aria-level=\"1\"><span style=\"font-weight: 400;\">Combate aos Riscos Cibern\u00e9ticos: Busca constante e diligente pelo mapeamento e scaneamento de riscos de ataques cibern\u00e9ticos;<\/span><\/li><li style=\"font-weight: 400;\" aria-level=\"1\"><span style=\"font-weight: 400;\">Prote\u00e7\u00e3o: Proteger as informa\u00e7\u00f5es contra acesso, modifica\u00e7\u00f5es, destrui\u00e7\u00e3o ou divulga\u00e7\u00e3o n\u00e3o autorizada;<\/span><\/li><li style=\"font-weight: 400;\" aria-level=\"1\"><span style=\"font-weight: 400;\">Classifica\u00e7\u00e3o: Prover a adequada classifica\u00e7\u00e3o da informa\u00e7\u00e3o, considerando os crit\u00e9rios de confidencialidade, integridade e disponibilidade;<\/span><\/li><li style=\"font-weight: 400;\" aria-level=\"1\"><span style=\"font-weight: 400;\">Recursos adequados e seguros: Assegurar que os recursos utilizados para o desempenho da fun\u00e7\u00e3o de cada destinat\u00e1rio sejam utilizados apenas para as finalidades desempenhadas \u00e0s suas atividades, al\u00e9m de garantir que os sistemas e as informa\u00e7\u00f5es que est\u00e3o sob a responsabilidade de cada destinat\u00e1rio sejam adequadamente protegidos;<\/span><\/li><li style=\"font-weight: 400;\" aria-level=\"1\"><span style=\"font-weight: 400;\">Cumprimento de normas: Atender \u00e0s leis que regulamentam as atividades da Mconf e seu mercado de atua\u00e7\u00e3o;<\/span><\/li><li style=\"font-weight: 400;\" aria-level=\"1\"><span style=\"font-weight: 400;\">Seguran\u00e7a da informa\u00e7\u00e3o: Selecionar os mecanismos de seguran\u00e7a da informa\u00e7\u00e3o, balanceando fatores de riscos, tecnologia e custo;<\/span><\/li><li style=\"font-weight: 400;\" aria-level=\"1\"><span style=\"font-weight: 400;\">Continuidade: Garantir a continuidade do processamento das informa\u00e7\u00f5es cr\u00edticas de neg\u00f3cios;<\/span><\/li><li style=\"font-weight: 400;\" aria-level=\"1\"><span style=\"font-weight: 400;\">Comunica\u00e7\u00e3o de incidentes: Comunicar imediatamente aos respons\u00e1veis quaisquer incidentes de seguran\u00e7a cibern\u00e9tica ou descumprimentos desta Pol\u00edtica.<\/span><\/li><\/ul><p><span style=\"font-weight: 400;\">O objetivo da gest\u00e3o de seguran\u00e7a da informa\u00e7\u00e3o da Mconf \u00e9 garantir a gest\u00e3o sistem\u00e1tica e efetiva de todos os aspectos relacionados \u00e0 seguran\u00e7a da informa\u00e7\u00e3o, provendo suporte \u00e0s opera\u00e7\u00f5es do neg\u00f3cio e minimizando riscos identificados e seus eventuais impactos na institui\u00e7\u00e3o. Para tal, a diretoria, ger\u00eancia e demais coordena\u00e7\u00f5es est\u00e3o comprometidas com uma gest\u00e3o efetiva com esses fins e adotam todas medidas cab\u00edveis para garantir que esta Pol\u00edtica seja adequadamente comunicada, entendida e seguida em todos os n\u00edveis da Mconf.<\/span><\/p><p><span style=\"font-weight: 400;\">Para al\u00e9m deste documento de Pol\u00edtica Geral de Seguran\u00e7a da Informa\u00e7\u00e3o, pol\u00edticas complementares (p\u00fablicas e internas) e normas s\u00e3o sistematicamente aplicadas, visando garantir o cumprimento dos requisitos de confidencialidade, integridade e disponibilidade da informa\u00e7\u00e3o da Mconf. A empresa tamb\u00e9m coloca-se \u00e0 disposi\u00e7\u00e3o de colaboradores, funcion\u00e1rios, parceiros, clientes e p\u00fablico em geral que necessitem de aux\u00edlio para compreender e\/ou adequar-se a esta Pol\u00edtica, bem como \u00e0s demais pol\u00edticas e normas complementares.<\/span><\/p><p><span style=\"font-weight: 400;\">N\u00e3o menos importante, a Mconf entende que \u00e9 de extrema import\u00e2ncia manter elevados padr\u00f5es de qualidade de presta\u00e7\u00e3o de servi\u00e7os, s\u00f3lidas rela\u00e7\u00f5es de benef\u00edcio m\u00fatuo com todos seus p\u00fablicos e capacidade de inova\u00e7\u00e3o, ao mesmo tempo em que assegura o cumprimento desta Pol\u00edtica Geral de Seguran\u00e7a da Informa\u00e7\u00e3o.<\/span><\/p>\t\t\t\t\t\t<\/div>\n\t\t\t\t<\/div>\n\t\t\t\t<div class=\"elementor-element elementor-element-ba149ad elementor-widget elementor-widget-heading\" data-id=\"ba149ad\" data-element_type=\"widget\" data-widget_type=\"heading.default\">\n\t\t\t\t<div class=\"elementor-widget-container\">\n\t\t\t<h2 class=\"elementor-heading-title elementor-size-default\">Regras e procedimentos<\/h2>\t\t<\/div>\n\t\t\t\t<\/div>\n\t\t\t\t<div class=\"elementor-element elementor-element-4d9da71 termos elementor-widget elementor-widget-text-editor\" data-id=\"4d9da71\" data-element_type=\"widget\" data-widget_type=\"text-editor.default\">\n\t\t\t\t<div class=\"elementor-widget-container\">\n\t\t\t\t\t\t\t<p><span style=\"font-weight: 400;\">A Mconf possui um compromisso para com a melhoria cont\u00ednua dos procedimentos relacionados com a seguran\u00e7a cibern\u00e9tica, buscando sempre manter a empresa em conformidade com normas legais e regulamentares sobre os referidos temas, guiada pelos princ\u00edpios, conceitos, valores e pr\u00e1ticas aqui adotados, com o objetivo de assegurar a confidencialidade, a integridade e a disponibilidade dos dados da empresa.<\/span><\/p>\t\t\t\t\t\t<\/div>\n\t\t\t\t<\/div>\n\t\t\t\t<div class=\"elementor-element elementor-element-71d0d30 elementor-widget elementor-widget-heading\" data-id=\"71d0d30\" data-element_type=\"widget\" data-widget_type=\"heading.default\">\n\t\t\t\t<div class=\"elementor-widget-container\">\n\t\t\t<h2 class=\"elementor-heading-title elementor-size-default\">Pap\u00e9is e responsabilidades<\/h2>\t\t<\/div>\n\t\t\t\t<\/div>\n\t\t\t\t<div class=\"elementor-element elementor-element-9fba8f5 termos elementor-widget elementor-widget-text-editor\" data-id=\"9fba8f5\" data-element_type=\"widget\" data-widget_type=\"text-editor.default\">\n\t\t\t\t<div class=\"elementor-widget-container\">\n\t\t\t\t\t\t\t<p><span style=\"font-weight: 400;\">Todos os destinat\u00e1rios e a Mconf s\u00e3o respons\u00e1veis por adotar e cumprir as diretrizes, deveres, controles e pr\u00e1ticas a eles aplic\u00e1veis contidas nesta Pol\u00edtica, zelando para que todas as normas \u00e9ticas e legais sejam cumpridas por todos aqueles com quem s\u00e3o mantidas rela\u00e7\u00f5es de cunho profissional, e comunicando imediatamente qualquer viola\u00e7\u00e3o, para ado\u00e7\u00e3o das respectivas provid\u00eancias, de acordo com sua gravidade.<\/span><\/p>\t\t\t\t\t\t<\/div>\n\t\t\t\t<\/div>\n\t\t\t\t<div class=\"elementor-element elementor-element-9e3d96c elementor-widget elementor-widget-heading\" data-id=\"9e3d96c\" data-element_type=\"widget\" data-widget_type=\"heading.default\">\n\t\t\t\t<div class=\"elementor-widget-container\">\n\t\t\t<h2 class=\"elementor-heading-title elementor-size-default\">Atualiza\u00e7\u00f5es e vig\u00eancia<\/h2>\t\t<\/div>\n\t\t\t\t<\/div>\n\t\t\t\t<div class=\"elementor-element elementor-element-3d18562 termos elementor-widget elementor-widget-text-editor\" data-id=\"3d18562\" data-element_type=\"widget\" data-widget_type=\"text-editor.default\">\n\t\t\t\t<div class=\"elementor-widget-container\">\n\t\t\t\t\t\t\t<p><span style=\"font-weight: 400;\">Esta Pol\u00edtica entra em vigor a partir da data de sua publica\u00e7\u00e3o e disponibiliza\u00e7\u00e3o e ser\u00e1 periodicamente revisada e atualizada, com a frequ\u00eancia m\u00ednima de uma vez a cada 12 (doze) meses. <\/span><\/p>\t\t\t\t\t\t<\/div>\n\t\t\t\t<\/div>\n\t\t\t\t<div class=\"elementor-element elementor-element-479db61 elementor-widget-divider--view-line elementor-widget elementor-widget-divider\" data-id=\"479db61\" data-element_type=\"widget\" data-widget_type=\"divider.default\">\n\t\t\t\t<div class=\"elementor-widget-container\">\n\t\t\t<style>\/*! elementor - v3.21.0 - 08-05-2024 *\/\n.elementor-widget-divider{--divider-border-style:none;--divider-border-width:1px;--divider-color:#0c0d0e;--divider-icon-size:20px;--divider-element-spacing:10px;--divider-pattern-height:24px;--divider-pattern-size:20px;--divider-pattern-url:none;--divider-pattern-repeat:repeat-x}.elementor-widget-divider .elementor-divider{display:flex}.elementor-widget-divider .elementor-divider__text{font-size:15px;line-height:1;max-width:95%}.elementor-widget-divider .elementor-divider__element{margin:0 var(--divider-element-spacing);flex-shrink:0}.elementor-widget-divider .elementor-icon{font-size:var(--divider-icon-size)}.elementor-widget-divider .elementor-divider-separator{display:flex;margin:0;direction:ltr}.elementor-widget-divider--view-line_icon .elementor-divider-separator,.elementor-widget-divider--view-line_text .elementor-divider-separator{align-items:center}.elementor-widget-divider--view-line_icon .elementor-divider-separator:after,.elementor-widget-divider--view-line_icon .elementor-divider-separator:before,.elementor-widget-divider--view-line_text .elementor-divider-separator:after,.elementor-widget-divider--view-line_text .elementor-divider-separator:before{display:block;content:\"\";border-block-end:0;flex-grow:1;border-block-start:var(--divider-border-width) var(--divider-border-style) var(--divider-color)}.elementor-widget-divider--element-align-left .elementor-divider .elementor-divider-separator>.elementor-divider__svg:first-of-type{flex-grow:0;flex-shrink:100}.elementor-widget-divider--element-align-left .elementor-divider-separator:before{content:none}.elementor-widget-divider--element-align-left .elementor-divider__element{margin-left:0}.elementor-widget-divider--element-align-right .elementor-divider .elementor-divider-separator>.elementor-divider__svg:last-of-type{flex-grow:0;flex-shrink:100}.elementor-widget-divider--element-align-right .elementor-divider-separator:after{content:none}.elementor-widget-divider--element-align-right .elementor-divider__element{margin-right:0}.elementor-widget-divider--element-align-start .elementor-divider .elementor-divider-separator>.elementor-divider__svg:first-of-type{flex-grow:0;flex-shrink:100}.elementor-widget-divider--element-align-start .elementor-divider-separator:before{content:none}.elementor-widget-divider--element-align-start .elementor-divider__element{margin-inline-start:0}.elementor-widget-divider--element-align-end .elementor-divider .elementor-divider-separator>.elementor-divider__svg:last-of-type{flex-grow:0;flex-shrink:100}.elementor-widget-divider--element-align-end .elementor-divider-separator:after{content:none}.elementor-widget-divider--element-align-end .elementor-divider__element{margin-inline-end:0}.elementor-widget-divider:not(.elementor-widget-divider--view-line_text):not(.elementor-widget-divider--view-line_icon) .elementor-divider-separator{border-block-start:var(--divider-border-width) var(--divider-border-style) var(--divider-color)}.elementor-widget-divider--separator-type-pattern{--divider-border-style:none}.elementor-widget-divider--separator-type-pattern.elementor-widget-divider--view-line .elementor-divider-separator,.elementor-widget-divider--separator-type-pattern:not(.elementor-widget-divider--view-line) .elementor-divider-separator:after,.elementor-widget-divider--separator-type-pattern:not(.elementor-widget-divider--view-line) .elementor-divider-separator:before,.elementor-widget-divider--separator-type-pattern:not([class*=elementor-widget-divider--view]) .elementor-divider-separator{width:100%;min-height:var(--divider-pattern-height);-webkit-mask-size:var(--divider-pattern-size) 100%;mask-size:var(--divider-pattern-size) 100%;-webkit-mask-repeat:var(--divider-pattern-repeat);mask-repeat:var(--divider-pattern-repeat);background-color:var(--divider-color);-webkit-mask-image:var(--divider-pattern-url);mask-image:var(--divider-pattern-url)}.elementor-widget-divider--no-spacing{--divider-pattern-size:auto}.elementor-widget-divider--bg-round{--divider-pattern-repeat:round}.rtl .elementor-widget-divider .elementor-divider__text{direction:rtl}.e-con-inner>.elementor-widget-divider,.e-con>.elementor-widget-divider{width:var(--container-widget-width,100%);--flex-grow:var(--container-widget-flex-grow)}<\/style>\t\t<div class=\"elementor-divider\">\n\t\t\t<span class=\"elementor-divider-separator\">\n\t\t\t\t\t\t<\/span>\n\t\t<\/div>\n\t\t\t\t<\/div>\n\t\t\t\t<\/div>\n\t\t\t\t<div class=\"elementor-element elementor-element-06214a5 elementor-widget elementor-widget-heading\" data-id=\"06214a5\" data-element_type=\"widget\" data-widget_type=\"heading.default\">\n\t\t\t\t<div class=\"elementor-widget-container\">\n\t\t\t<h2 class=\"elementor-heading-title elementor-size-default\">\u00daltima atualiza\u00e7\u00e3o em agosto de 2024<\/h2>\t\t<\/div>\n\t\t\t\t<\/div>\n\t\t\t\t\t<\/div>\n\t\t\t\t<\/div>\n\t\t\t\t\t<\/div>\n\t\t\t\t<\/div>\n\t\t\t\t<\/div>\n\t\t","protected":false},"excerpt":{"rendered":"<p>Pol\u00edtica Geral da Seguran\u00e7a da Informa\u00e7\u00e3o Introdu\u00e7\u00e3o A Mconf tem como miss\u00e3o possibilitar conex\u00f5es e expandir neg\u00f3cios por meio da tecnologia. Dentre nossos valores, a integridade como aspecto fundamental reflete o quanto a seguran\u00e7a da informa\u00e7\u00e3o \u00e9 essencial para assegurar a qualidade e a confiabilidade em nossos produtos, bem como para garantir o melhor ambiente [&hellip;]<\/p>\n","protected":false},"author":2,"featured_media":0,"parent":0,"menu_order":0,"comment_status":"closed","ping_status":"closed","template":"elementor_header_footer","meta":[],"aioseo_notices":[],"jetpack_sharing_enabled":true,"_links":{"self":[{"href":"https:\/\/elos.vc\/site\/wp-json\/wp\/v2\/pages\/3716"}],"collection":[{"href":"https:\/\/elos.vc\/site\/wp-json\/wp\/v2\/pages"}],"about":[{"href":"https:\/\/elos.vc\/site\/wp-json\/wp\/v2\/types\/page"}],"author":[{"embeddable":true,"href":"https:\/\/elos.vc\/site\/wp-json\/wp\/v2\/users\/2"}],"replies":[{"embeddable":true,"href":"https:\/\/elos.vc\/site\/wp-json\/wp\/v2\/comments?post=3716"}],"version-history":[{"count":16,"href":"https:\/\/elos.vc\/site\/wp-json\/wp\/v2\/pages\/3716\/revisions"}],"predecessor-version":[{"id":3745,"href":"https:\/\/elos.vc\/site\/wp-json\/wp\/v2\/pages\/3716\/revisions\/3745"}],"wp:attachment":[{"href":"https:\/\/elos.vc\/site\/wp-json\/wp\/v2\/media?parent=3716"}],"curies":[{"name":"wp","href":"https:\/\/api.w.org\/{rel}","templated":true}]}}