{"id":3597,"date":"2024-07-12T15:20:02","date_gmt":"2024-07-12T15:20:02","guid":{"rendered":"https:\/\/elos.vc\/site\/?page_id=3597"},"modified":"2024-11-13T14:50:17","modified_gmt":"2024-11-13T14:50:17","slug":"dpo","status":"publish","type":"page","link":"https:\/\/elos.vc\/site\/dpo\/","title":{"rendered":"DPO"},"content":{"rendered":"\t\t<div data-elementor-type=\"wp-page\" data-elementor-id=\"3597\" class=\"elementor elementor-3597\" data-elementor-post-type=\"page\">\n\t\t\t\t<div class=\"elementor-element elementor-element-34b19e17 e-flex e-con-boxed elementor-invisible e-con e-parent\" data-id=\"34b19e17\" data-element_type=\"container\" data-settings=\"{&quot;animation&quot;:&quot;fadeIn&quot;}\">\n\t\t\t\t\t<div class=\"e-con-inner\">\n\t\t<div class=\"elementor-element elementor-element-65bd2eb3 e-flex e-con-boxed e-con e-child\" data-id=\"65bd2eb3\" data-element_type=\"container\">\n\t\t\t\t\t<div class=\"e-con-inner\">\n\t\t\t\t<div class=\"elementor-element elementor-element-6cc7903b elementor-widget elementor-widget-heading\" data-id=\"6cc7903b\" data-element_type=\"widget\" data-widget_type=\"heading.default\">\n\t\t\t\t<div class=\"elementor-widget-container\">\n\t\t\t<style>\/*! elementor - v3.21.0 - 08-05-2024 *\/\n.elementor-heading-title{padding:0;margin:0;line-height:1}.elementor-widget-heading .elementor-heading-title[class*=elementor-size-]>a{color:inherit;font-size:inherit;line-height:inherit}.elementor-widget-heading .elementor-heading-title.elementor-size-small{font-size:15px}.elementor-widget-heading .elementor-heading-title.elementor-size-medium{font-size:19px}.elementor-widget-heading .elementor-heading-title.elementor-size-large{font-size:29px}.elementor-widget-heading .elementor-heading-title.elementor-size-xl{font-size:39px}.elementor-widget-heading .elementor-heading-title.elementor-size-xxl{font-size:59px}<\/style><h2 class=\"elementor-heading-title elementor-size-default\">Carta de nomea\u00e7\u00e3o do Encarregado pelo Tratamento de Dados Pessoais<\/h2>\t\t<\/div>\n\t\t\t\t<\/div>\n\t\t\t\t<div class=\"elementor-element elementor-element-6a43fc5c termos elementor-widget elementor-widget-text-editor\" data-id=\"6a43fc5c\" data-element_type=\"widget\" data-widget_type=\"text-editor.default\">\n\t\t\t\t<div class=\"elementor-widget-container\">\n\t\t\t<style>\/*! elementor - v3.21.0 - 08-05-2024 *\/\n.elementor-widget-text-editor.elementor-drop-cap-view-stacked .elementor-drop-cap{background-color:#69727d;color:#fff}.elementor-widget-text-editor.elementor-drop-cap-view-framed .elementor-drop-cap{color:#69727d;border:3px solid;background-color:transparent}.elementor-widget-text-editor:not(.elementor-drop-cap-view-default) .elementor-drop-cap{margin-top:8px}.elementor-widget-text-editor:not(.elementor-drop-cap-view-default) .elementor-drop-cap-letter{width:1em;height:1em}.elementor-widget-text-editor .elementor-drop-cap{float:left;text-align:center;line-height:1;font-size:50px}.elementor-widget-text-editor .elementor-drop-cap-letter{display:inline-block}<\/style>\t\t\t\t<p><span style=\"font-weight: 400;\">Por meio desta comunica\u00e7\u00e3o, a <\/span><b>MCONF<\/b><span style=\"font-weight: 400;\">, mediante suas atribui\u00e7\u00f5es legais de Controladora e\/ou de Operadora de dados, nomeia como Encarregado pelo Tratamento de Dados Pessoais (<\/span><b>ENCARREGADO<\/b><span style=\"font-weight: 400;\">), nos termos do art. 41, da Lei Geral de Prote\u00e7\u00e3o de Dados Pessoais (<\/span><b>LGPD<\/b><span style=\"font-weight: 400;\">) e dos artigos 38 e 39 da General Data Protection Regulation (<\/span><b>GDPR<\/b><span style=\"font-weight: 400;\">): <strong>Pedro Henrique Branco de Oliveira<\/strong><\/span><span style=\"font-weight: 400;\">, cujo canal de contato direto \u00e9 o endere\u00e7o de e-mail <a href=\"mailto:dpo.mconf@silvalopes.adv.br\">dpo.mconf@silvalopes.adv.br<\/a><\/span><span style=\"font-weight: 400;\">.\u00a0<\/span><\/p><p><span style=\"font-weight: 400;\">A nomea\u00e7\u00e3o entra em vigor na data de assinatura desta carta e possui <\/span><b>vig\u00eancia por prazo indeterminado,<\/b><span style=\"font-weight: 400;\"> sendo oficializada perante o representante Legal da <\/span><b>MCONF<\/b><span style=\"font-weight: 400;\"> e o pr\u00f3prio <\/span><b>ENCARREGADO<\/b><span style=\"font-weight: 400;\">.<\/span><\/p>\t\t\t\t\t\t<\/div>\n\t\t\t\t<\/div>\n\t\t\t\t<div class=\"elementor-element elementor-element-336e14b1 termos elementor-widget elementor-widget-text-editor\" data-id=\"336e14b1\" data-element_type=\"widget\" data-widget_type=\"text-editor.default\">\n\t\t\t\t<div class=\"elementor-widget-container\">\n\t\t\t\t\t\t\t<h2 class=\"title-section\"><strong>Atribui\u00e7\u00f5es e tarefas do Encarregado pelo Tratamento de Dados Pessoais<\/strong><\/h2><p><span style=\"font-weight: 400;\">O Encarregado pelo Tratamento de Dados Pessoais executar\u00e1 as seguintes tarefas em conformidade com o art. 41 da Lei Geral de Prote\u00e7\u00e3o de Dados Pessoais:<\/span><\/p><ul><li style=\"font-weight: 400;\" aria-level=\"1\"><span style=\"font-weight: 400;\">Aceitar reclama\u00e7\u00f5es e comunica\u00e7\u00f5es dos titulares, prestar esclarecimentos e adotar provid\u00eancias;<\/span><\/li><li style=\"font-weight: 400;\" aria-level=\"1\"><span style=\"font-weight: 400;\">Receber comunica\u00e7\u00f5es da autoridade nacional e adotar provid\u00eancias;<\/span><\/li><li style=\"font-weight: 400;\" aria-level=\"1\"><span style=\"font-weight: 400;\">Orientar os funcion\u00e1rios e os contratados da empresa a respeito das pr\u00e1ticas a serem tomadas em rela\u00e7\u00e3o \u00e0 prote\u00e7\u00e3o de dados pessoais;<\/span><\/li><li style=\"font-weight: 400;\" aria-level=\"1\"><span style=\"font-weight: 400;\">Executar as demais atribui\u00e7\u00f5es determinadas pelo controlador ou estabelecidas em normas complementares;<\/span><\/li><li style=\"font-weight: 400;\" aria-level=\"1\"><span style=\"font-weight: 400;\">Mediante solicita\u00e7\u00e3o, assessorar o Controladores e Operadores na realiza\u00e7\u00e3o de avalia\u00e7\u00e3o de impacto \u00e0 prote\u00e7\u00e3o de dados e suas implementa\u00e7\u00f5es, nos termos da Lei Geral de Prote\u00e7\u00e3o de Dados Pessoais (LGPD);<\/span><\/li><li style=\"font-weight: 400;\" aria-level=\"1\"><span style=\"font-weight: 400;\">Atuar como ponto de contato da Autoridade Nacional de Prote\u00e7\u00e3o de Dados em quest\u00f5es relacionadas com o tratamento de dados pessoais, incluindo consultas pr\u00e9vias sobre a avalia\u00e7\u00e3o de impacto \u00e0 prote\u00e7\u00e3o de dados nos termos da Lei Geral de Prote\u00e7\u00e3o de Dados Pessoais (LGPD), quando apropriado, assessorando em todas as outras quest\u00f5es;<\/span><\/li><li style=\"font-weight: 400;\" aria-level=\"1\"><span style=\"font-weight: 400;\">Atuar como ponto de contato para o exerc\u00edcio dos direitos dos titulares de dados nos termos da Lei Geral de Prote\u00e7\u00e3o de Dados Pessoais (LGPD) e processar suas consultas relacionadas \u00e0s atividades de tratamento de dados.<\/span><\/li><\/ul>\t\t\t\t\t\t<\/div>\n\t\t\t\t<\/div>\n\t\t\t\t<div class=\"elementor-element elementor-element-256e1a87 termos elementor-widget elementor-widget-text-editor\" data-id=\"256e1a87\" data-element_type=\"widget\" data-widget_type=\"text-editor.default\">\n\t\t\t\t<div class=\"elementor-widget-container\">\n\t\t\t\t\t\t\t<h2 class=\"title-section\"><strong>Deveres da MCONF<\/strong><\/h2><p><span style=\"font-weight: 400;\">A MCONF compromete-se a:<\/span><\/p><ul><li style=\"font-weight: 400;\" aria-level=\"1\"><span style=\"font-weight: 400;\">Fornecer ao Encarregado pelo Tratamento de Dados Pessoais todos os meios, recursos financeiros e pessoal necess\u00e1rios, a fim de permitir o desempenho adequado de suas tarefas e fun\u00e7\u00f5es;<\/span><\/li><li style=\"font-weight: 400;\" aria-level=\"1\"><span style=\"font-weight: 400;\">Envolver prontamente o Encarregado pelo Tratamento de Dados Pessoais em todos os assuntos relacionados \u00e0 prote\u00e7\u00e3o de dados pessoais;<\/span><\/li><li style=\"font-weight: 400;\" aria-level=\"1\"><span style=\"font-weight: 400;\">Abster-se de fornecer instru\u00e7\u00f5es sobre como o Encarregado pelo Tratamento de Dados Pessoais deve executar suas tarefas;<\/span><\/li><li style=\"font-weight: 400;\" aria-level=\"1\"><span style=\"font-weight: 400;\">Verificar se o Encarregado pelo Tratamento de Dados Pessoais executa suas tarefas de forma aut\u00f4noma e independente;<\/span><\/li><li style=\"font-weight: 400;\" aria-level=\"1\"><span style=\"font-weight: 400;\">Decidir sem demora acerca da tomada de medidas de adequa\u00e7\u00e3o e medidas de mitiga\u00e7\u00e3o de danos, endere\u00e7amento, viola\u00e7\u00f5es e incidentes, comunica\u00e7\u00f5es ao p\u00fablico e \u00e0s autoridades, e outras decis\u00f5es executivas acerca de privacidade e prote\u00e7\u00e3o de dados levadas \u00e0 alta-diretoria pelo Encarregado do Tratamento de Dados Pessoais;<\/span><\/li><li style=\"font-weight: 400;\" aria-level=\"1\"><span style=\"font-weight: 400;\">Manter os dados de contato do Encarregado pela Prote\u00e7\u00e3o de Dados Pessoais dispon\u00edveis ao p\u00fablico.<\/span><\/li><\/ul><p><span style=\"font-weight: 400;\">O nome e os detalhes de contato do Encarregado ser\u00e3o compartilhados pela MCONF e, quando necess\u00e1rio, comunicados oficialmente \u00e0 Autoridade Nacional de Prote\u00e7\u00e3o de Dados e ao p\u00fablico.<\/span><\/p><p><span style=\"font-weight: 400;\">Informa-se, por fim, o e-mail do Encarregado pelo Tratamento de Dados Pessoais para que os Titulares dos Dados exer\u00e7am seus direitos: <a href=\"mailto:dpo.mconf@silvalopes.adv.br\">dpo.mconf@silvalopes.adv.br<\/a><\/span><span style=\"font-weight: 400;\">.<\/span><\/p>\t\t\t\t\t\t<\/div>\n\t\t\t\t<\/div>\n\t\t\t\t\t<\/div>\n\t\t\t\t<\/div>\n\t\t\t\t<div class=\"elementor-element elementor-element-594280fd elementor-widget-divider--view-line elementor-widget elementor-widget-divider\" data-id=\"594280fd\" data-element_type=\"widget\" data-widget_type=\"divider.default\">\n\t\t\t\t<div class=\"elementor-widget-container\">\n\t\t\t<style>\/*! elementor - v3.21.0 - 08-05-2024 *\/\n.elementor-widget-divider{--divider-border-style:none;--divider-border-width:1px;--divider-color:#0c0d0e;--divider-icon-size:20px;--divider-element-spacing:10px;--divider-pattern-height:24px;--divider-pattern-size:20px;--divider-pattern-url:none;--divider-pattern-repeat:repeat-x}.elementor-widget-divider .elementor-divider{display:flex}.elementor-widget-divider .elementor-divider__text{font-size:15px;line-height:1;max-width:95%}.elementor-widget-divider .elementor-divider__element{margin:0 var(--divider-element-spacing);flex-shrink:0}.elementor-widget-divider .elementor-icon{font-size:var(--divider-icon-size)}.elementor-widget-divider .elementor-divider-separator{display:flex;margin:0;direction:ltr}.elementor-widget-divider--view-line_icon .elementor-divider-separator,.elementor-widget-divider--view-line_text .elementor-divider-separator{align-items:center}.elementor-widget-divider--view-line_icon .elementor-divider-separator:after,.elementor-widget-divider--view-line_icon .elementor-divider-separator:before,.elementor-widget-divider--view-line_text .elementor-divider-separator:after,.elementor-widget-divider--view-line_text .elementor-divider-separator:before{display:block;content:\"\";border-block-end:0;flex-grow:1;border-block-start:var(--divider-border-width) var(--divider-border-style) var(--divider-color)}.elementor-widget-divider--element-align-left .elementor-divider .elementor-divider-separator>.elementor-divider__svg:first-of-type{flex-grow:0;flex-shrink:100}.elementor-widget-divider--element-align-left .elementor-divider-separator:before{content:none}.elementor-widget-divider--element-align-left .elementor-divider__element{margin-left:0}.elementor-widget-divider--element-align-right .elementor-divider .elementor-divider-separator>.elementor-divider__svg:last-of-type{flex-grow:0;flex-shrink:100}.elementor-widget-divider--element-align-right .elementor-divider-separator:after{content:none}.elementor-widget-divider--element-align-right .elementor-divider__element{margin-right:0}.elementor-widget-divider--element-align-start .elementor-divider .elementor-divider-separator>.elementor-divider__svg:first-of-type{flex-grow:0;flex-shrink:100}.elementor-widget-divider--element-align-start .elementor-divider-separator:before{content:none}.elementor-widget-divider--element-align-start .elementor-divider__element{margin-inline-start:0}.elementor-widget-divider--element-align-end .elementor-divider .elementor-divider-separator>.elementor-divider__svg:last-of-type{flex-grow:0;flex-shrink:100}.elementor-widget-divider--element-align-end .elementor-divider-separator:after{content:none}.elementor-widget-divider--element-align-end .elementor-divider__element{margin-inline-end:0}.elementor-widget-divider:not(.elementor-widget-divider--view-line_text):not(.elementor-widget-divider--view-line_icon) .elementor-divider-separator{border-block-start:var(--divider-border-width) var(--divider-border-style) var(--divider-color)}.elementor-widget-divider--separator-type-pattern{--divider-border-style:none}.elementor-widget-divider--separator-type-pattern.elementor-widget-divider--view-line .elementor-divider-separator,.elementor-widget-divider--separator-type-pattern:not(.elementor-widget-divider--view-line) .elementor-divider-separator:after,.elementor-widget-divider--separator-type-pattern:not(.elementor-widget-divider--view-line) .elementor-divider-separator:before,.elementor-widget-divider--separator-type-pattern:not([class*=elementor-widget-divider--view]) .elementor-divider-separator{width:100%;min-height:var(--divider-pattern-height);-webkit-mask-size:var(--divider-pattern-size) 100%;mask-size:var(--divider-pattern-size) 100%;-webkit-mask-repeat:var(--divider-pattern-repeat);mask-repeat:var(--divider-pattern-repeat);background-color:var(--divider-color);-webkit-mask-image:var(--divider-pattern-url);mask-image:var(--divider-pattern-url)}.elementor-widget-divider--no-spacing{--divider-pattern-size:auto}.elementor-widget-divider--bg-round{--divider-pattern-repeat:round}.rtl .elementor-widget-divider .elementor-divider__text{direction:rtl}.e-con-inner>.elementor-widget-divider,.e-con>.elementor-widget-divider{width:var(--container-widget-width,100%);--flex-grow:var(--container-widget-flex-grow)}<\/style>\t\t<div class=\"elementor-divider\">\n\t\t\t<span class=\"elementor-divider-separator\">\n\t\t\t\t\t\t<\/span>\n\t\t<\/div>\n\t\t\t\t<\/div>\n\t\t\t\t<\/div>\n\t\t\t\t<div class=\"elementor-element elementor-element-32350685 elementor-widget elementor-widget-heading\" data-id=\"32350685\" data-element_type=\"widget\" data-widget_type=\"heading.default\">\n\t\t\t\t<div class=\"elementor-widget-container\">\n\t\t\t<h2 class=\"elementor-heading-title elementor-size-default\">Porto Alegre, 13 de novembro de 2024<\/h2>\t\t<\/div>\n\t\t\t\t<\/div>\n\t\t\t\t\t<\/div>\n\t\t\t\t<\/div>\n\t\t\t\t<\/div>\n\t\t","protected":false},"excerpt":{"rendered":"<p>Carta de nomea\u00e7\u00e3o do Encarregado pelo Tratamento de Dados Pessoais Por meio desta comunica\u00e7\u00e3o, a MCONF, mediante suas atribui\u00e7\u00f5es legais de Controladora e\/ou de Operadora de dados, nomeia como Encarregado pelo Tratamento de Dados Pessoais (ENCARREGADO), nos termos do art. 41, da Lei Geral de Prote\u00e7\u00e3o de Dados Pessoais (LGPD) e dos artigos 38 e [&hellip;]<\/p>\n","protected":false},"author":2,"featured_media":0,"parent":0,"menu_order":0,"comment_status":"closed","ping_status":"closed","template":"elementor_header_footer","meta":[],"aioseo_notices":[],"jetpack_sharing_enabled":true,"_links":{"self":[{"href":"https:\/\/elos.vc\/site\/wp-json\/wp\/v2\/pages\/3597"}],"collection":[{"href":"https:\/\/elos.vc\/site\/wp-json\/wp\/v2\/pages"}],"about":[{"href":"https:\/\/elos.vc\/site\/wp-json\/wp\/v2\/types\/page"}],"author":[{"embeddable":true,"href":"https:\/\/elos.vc\/site\/wp-json\/wp\/v2\/users\/2"}],"replies":[{"embeddable":true,"href":"https:\/\/elos.vc\/site\/wp-json\/wp\/v2\/comments?post=3597"}],"version-history":[{"count":7,"href":"https:\/\/elos.vc\/site\/wp-json\/wp\/v2\/pages\/3597\/revisions"}],"predecessor-version":[{"id":4016,"href":"https:\/\/elos.vc\/site\/wp-json\/wp\/v2\/pages\/3597\/revisions\/4016"}],"wp:attachment":[{"href":"https:\/\/elos.vc\/site\/wp-json\/wp\/v2\/media?parent=3597"}],"curies":[{"name":"wp","href":"https:\/\/api.w.org\/{rel}","templated":true}]}}