{"id":2766,"date":"2023-10-10T13:57:01","date_gmt":"2023-10-10T13:57:01","guid":{"rendered":"https:\/\/elos.vc\/site\/agendar-demonstracao-2\/"},"modified":"2025-03-11T17:13:22","modified_gmt":"2025-03-11T17:13:22","slug":"agendar-demonstracao","status":"publish","type":"page","link":"https:\/\/elos.vc\/site\/agendar-demonstracao\/","title":{"rendered":"Agendar Demonstra\u00e7\u00e3o"},"content":{"rendered":"\t\t<div data-elementor-type=\"wp-page\" data-elementor-id=\"2766\" class=\"elementor elementor-2766\" data-elementor-post-type=\"page\">\n\t\t\t\t<div class=\"elementor-element elementor-element-3763a972 e-flex e-con-boxed elementor-invisible e-con e-parent\" data-id=\"3763a972\" data-element_type=\"container\" data-settings=\"{&quot;background_background&quot;:&quot;classic&quot;,&quot;animation&quot;:&quot;fadeIn&quot;}\">\n\t\t\t\t\t<div class=\"e-con-inner\">\n\t\t<div class=\"elementor-element elementor-element-1e24f27a e-con-full e-flex e-con e-child\" data-id=\"1e24f27a\" data-element_type=\"container\" data-settings=\"{&quot;animation_mobile&quot;:&quot;none&quot;}\">\n\t\t\t\t<div class=\"elementor-element elementor-element-2ce836fe elementor-invisible elementor-widget elementor-widget-icon-box\" data-id=\"2ce836fe\" data-element_type=\"widget\" data-settings=\"{&quot;_animation&quot;:&quot;fadeIn&quot;,&quot;_animation_mobile&quot;:&quot;none&quot;,&quot;_animation_delay&quot;:300}\" data-widget_type=\"icon-box.default\">\n\t\t\t\t<div class=\"elementor-widget-container\">\n\t\t\t<link rel=\"stylesheet\" href=\"https:\/\/elos.vc\/wp-content\/plugins\/elementor\/assets\/css\/widget-icon-box.min.css\">\t\t<div class=\"elementor-icon-box-wrapper\">\n\n\t\t\t\n\t\t\t\t\t\t<div class=\"elementor-icon-box-content\">\n\n\t\t\t\t\t\t\t\t\t<h3 class=\"elementor-icon-box-title\">\n\t\t\t\t\t\t<span  >\n\t\t\t\t\t\t\tDescubra como o Elos pode atender sua Institui\u00e7\u00e3o.\t\t\t\t\t\t<\/span>\n\t\t\t\t\t<\/h3>\n\t\t\t\t\n\t\t\t\t\t\t\t\t\t<p class=\"elementor-icon-box-description\">\n\t\t\t\t\t\tAo agendar uma demonstra\u00e7\u00e3o, apresentaremos todas as potencialidades do Elos e como ele pode auxiliar no aumento da produtividade da sua Institui\u00e7\u00e3o.\t\t\t\t\t<\/p>\n\t\t\t\t\n\t\t\t<\/div>\n\t\t\t\n\t\t<\/div>\n\t\t\t\t<\/div>\n\t\t\t\t<\/div>\n\t\t<div class=\"elementor-element elementor-element-1a747c05 e-flex e-con-boxed e-con e-child\" data-id=\"1a747c05\" data-element_type=\"container\">\n\t\t\t\t\t<div class=\"e-con-inner\">\n\t\t\t\t<div class=\"elementor-element elementor-element-57e4e751 elementor-invisible elementor-widget elementor-widget-heading\" data-id=\"57e4e751\" data-element_type=\"widget\" data-settings=\"{&quot;_animation&quot;:&quot;fadeIn&quot;,&quot;_animation_mobile&quot;:&quot;none&quot;,&quot;_animation_delay&quot;:400}\" data-widget_type=\"heading.default\">\n\t\t\t\t<div class=\"elementor-widget-container\">\n\t\t\t<style>\/*! elementor - v3.21.0 - 08-05-2024 *\/\n.elementor-heading-title{padding:0;margin:0;line-height:1}.elementor-widget-heading .elementor-heading-title[class*=elementor-size-]>a{color:inherit;font-size:inherit;line-height:inherit}.elementor-widget-heading .elementor-heading-title.elementor-size-small{font-size:15px}.elementor-widget-heading .elementor-heading-title.elementor-size-medium{font-size:19px}.elementor-widget-heading .elementor-heading-title.elementor-size-large{font-size:29px}.elementor-widget-heading .elementor-heading-title.elementor-size-xl{font-size:39px}.elementor-widget-heading .elementor-heading-title.elementor-size-xxl{font-size:59px}<\/style><h2 class=\"elementor-heading-title elementor-size-default\">Como funciona<\/h2>\t\t<\/div>\n\t\t\t\t<\/div>\n\t\t<div class=\"elementor-element elementor-element-6c8c9eeb e-flex e-con-boxed e-con e-child\" data-id=\"6c8c9eeb\" data-element_type=\"container\">\n\t\t\t\t\t<div class=\"e-con-inner\">\n\t\t<div class=\"elementor-element elementor-element-4e8ef738 e-con-full e-flex elementor-invisible e-con e-child\" data-id=\"4e8ef738\" data-element_type=\"container\" data-settings=\"{&quot;background_background&quot;:&quot;classic&quot;,&quot;animation&quot;:&quot;fadeInUp&quot;,&quot;animation_mobile&quot;:&quot;none&quot;,&quot;animation_delay&quot;:450}\">\n\t\t\t\t<div class=\"elementor-element elementor-element-19b9f60b elementor-view-default elementor-position-top elementor-mobile-position-top elementor-widget elementor-widget-icon-box\" data-id=\"19b9f60b\" data-element_type=\"widget\" data-widget_type=\"icon-box.default\">\n\t\t\t\t<div class=\"elementor-widget-container\">\n\t\t\t\t\t<div class=\"elementor-icon-box-wrapper\">\n\n\t\t\t\t\t\t<div class=\"elementor-icon-box-icon\">\n\t\t\t\t<span  class=\"elementor-icon elementor-animation-\">\n\t\t\t\t<svg xmlns=\"http:\/\/www.w3.org\/2000\/svg\" width=\"32\" height=\"31\" viewBox=\"0 0 32 31\" fill=\"none\"><path d=\"M16.0002 30.8049C13.8774 30.8049 11.8856 30.4034 10.0248 29.6005C8.16399 28.7975 6.54535 27.7078 5.16887 26.3313C3.7924 24.9549 2.70269 23.3362 1.89974 21.4754C1.09679 19.6146 0.695312 17.6228 0.695312 15.5C0.695312 13.3772 1.09679 11.3853 1.89974 9.52454C2.70269 7.66374 3.7924 6.04511 5.16887 4.66863C6.54535 3.29216 8.16399 2.20244 10.0248 1.39949C11.8856 0.596543 13.8774 0.195068 16.0002 0.195068C18.123 0.195068 20.1149 0.596543 21.9757 1.39949C23.8365 2.20244 25.4551 3.29216 26.8316 4.66863C28.208 6.04511 29.2978 7.66374 30.1007 9.52454C30.9037 11.3853 31.3051 13.3772 31.3051 15.5C31.3051 17.6228 30.9037 19.6146 30.1007 21.4754C29.2978 23.3362 28.208 24.9549 26.8316 26.3313C25.4551 27.7078 23.8365 28.7975 21.9757 29.6005C20.1149 30.4034 18.123 30.8049 16.0002 30.8049ZM16.0002 27.3924C19.3263 27.3924 22.1399 26.2418 24.441 23.9407C26.7421 21.6396 27.8926 18.8261 27.8926 15.5C27.8926 12.1739 26.7421 9.36032 24.441 7.05922C22.1399 4.75814 19.3263 3.6076 16.0002 3.6076C12.6741 3.6076 9.86056 4.75814 7.55946 7.05922C5.25839 9.36032 4.10785 12.1739 4.10785 15.5C4.10785 18.8261 5.25839 21.6396 7.55946 23.9407C9.86056 26.2418 12.6741 27.3924 16.0002 27.3924ZM15.1157 11.1345V21.4372C15.1157 21.88 15.2663 22.2511 15.5676 22.5507C15.8688 22.8502 16.2421 23 16.6874 23C17.1302 23 17.5014 22.8494 17.8009 22.5481C18.1005 22.2469 18.2502 21.8736 18.2502 21.4282V9.70623C18.2502 9.22743 18.0855 8.82336 17.7562 8.49401C17.4268 8.16466 17.0228 7.99998 16.544 7.99998H13.6785C13.2357 7.99998 12.8645 8.14976 12.565 8.4493C12.2655 8.74888 12.1157 9.12008 12.1157 9.5629C12.1157 10.0057 12.2663 10.3784 12.5676 10.6808C12.8688 10.9833 13.2421 11.1345 13.6874 11.1345H15.1157Z\" fill=\"#0B3142\"><\/path><\/svg>\t\t\t\t<\/span>\n\t\t\t<\/div>\n\t\t\t\n\t\t\t\t\t\t<div class=\"elementor-icon-box-content\">\n\n\t\t\t\t\n\t\t\t\t\t\t\t\t\t<p class=\"elementor-icon-box-description\">\n\t\t\t\t\t\tPreencha o formul\u00e1rio e solicite uma demonstra\u00e7\u00e3o\t\t\t\t\t<\/p>\n\t\t\t\t\n\t\t\t<\/div>\n\t\t\t\n\t\t<\/div>\n\t\t\t\t<\/div>\n\t\t\t\t<\/div>\n\t\t\t\t<\/div>\n\t\t<div class=\"elementor-element elementor-element-4e9aba1b e-con-full e-flex elementor-invisible e-con e-child\" data-id=\"4e9aba1b\" data-element_type=\"container\" data-settings=\"{&quot;background_background&quot;:&quot;classic&quot;,&quot;animation&quot;:&quot;fadeInUp&quot;,&quot;animation_mobile&quot;:&quot;none&quot;,&quot;animation_delay&quot;:750}\">\n\t\t\t\t<div class=\"elementor-element elementor-element-35636fc3 elementor-view-default elementor-position-top elementor-mobile-position-top elementor-widget elementor-widget-icon-box\" data-id=\"35636fc3\" data-element_type=\"widget\" data-widget_type=\"icon-box.default\">\n\t\t\t\t<div class=\"elementor-widget-container\">\n\t\t\t\t\t<div class=\"elementor-icon-box-wrapper\">\n\n\t\t\t\t\t\t<div class=\"elementor-icon-box-icon\">\n\t\t\t\t<span  class=\"elementor-icon elementor-animation-\">\n\t\t\t\t<svg xmlns=\"http:\/\/www.w3.org\/2000\/svg\" width=\"32\" height=\"31\" viewBox=\"0 0 32 31\" fill=\"none\"><path d=\"M16.0002 30.8049C13.8774 30.8049 11.8856 30.4034 10.0248 29.6005C8.16399 28.7975 6.54535 27.7078 5.16887 26.3313C3.7924 24.9549 2.70269 23.3362 1.89974 21.4754C1.09679 19.6146 0.695312 17.6228 0.695312 15.5C0.695312 13.3772 1.09679 11.3853 1.89974 9.52454C2.70269 7.66374 3.7924 6.04511 5.16887 4.66863C6.54535 3.29216 8.16399 2.20244 10.0248 1.39949C11.8856 0.596543 13.8774 0.195068 16.0002 0.195068C18.123 0.195068 20.1149 0.596543 21.9757 1.39949C23.8365 2.20244 25.4551 3.29216 26.8316 4.66863C28.208 6.04511 29.2978 7.66374 30.1007 9.52454C30.9037 11.3853 31.3051 13.3772 31.3051 15.5C31.3051 17.6228 30.9037 19.6146 30.1007 21.4754C29.2978 23.3362 28.208 24.9549 26.8316 26.3313C25.4551 27.7078 23.8365 28.7975 21.9757 29.6005C20.1149 30.4034 18.123 30.8049 16.0002 30.8049ZM16.0002 27.3924C19.3263 27.3924 22.1399 26.2418 24.441 23.9407C26.7421 21.6396 27.8926 18.8261 27.8926 15.5C27.8926 12.1739 26.7421 9.36032 24.441 7.05922C22.1399 4.75814 19.3263 3.6076 16.0002 3.6076C12.6741 3.6076 9.86056 4.75814 7.55946 7.05922C5.25839 9.36032 4.10785 12.1739 4.10785 15.5C4.10785 18.8261 5.25839 21.6396 7.55946 23.9407C9.86056 26.2418 12.6741 27.3924 16.0002 27.3924ZM19.072 23C19.5148 23 19.8859 22.8494 20.1855 22.5481C20.485 22.2469 20.6347 21.8736 20.6347 21.4282C20.6347 20.9854 20.485 20.6143 20.1855 20.3148C19.8859 20.0152 19.5148 19.8655 19.072 19.8655H14.5002V17.0717H17.5002C18.391 17.0717 19.1361 16.7705 19.7356 16.168C20.335 15.5656 20.6347 14.819 20.6347 13.9282V11.1345C20.6347 10.2437 20.335 9.49863 19.7356 8.89916C19.1361 8.29971 18.391 7.99998 17.5002 7.99998H12.9285C12.4857 7.99998 12.1145 8.14976 11.815 8.4493C11.5155 8.74888 11.3657 9.12008 11.3657 9.5629C11.3657 10.0057 11.5163 10.3784 11.8176 10.6808C12.1188 10.9833 12.4921 11.1345 12.9374 11.1345H17.5002V13.9282H14.5002C13.6095 13.9282 12.8644 14.2295 12.2649 14.8319C11.6654 15.4344 11.3657 16.181 11.3657 17.0717V21.2937C11.3657 21.7725 11.5304 22.1766 11.8597 22.506C12.1891 22.8353 12.5932 23 13.072 23H19.072Z\" fill=\"white\"><\/path><\/svg>\t\t\t\t<\/span>\n\t\t\t<\/div>\n\t\t\t\n\t\t\t\t\t\t<div class=\"elementor-icon-box-content\">\n\n\t\t\t\t\n\t\t\t\t\t\t\t\t\t<p class=\"elementor-icon-box-description\">\n\t\t\t\t\t\tConverse com nosso time de especialistas\t\t\t\t\t<\/p>\n\t\t\t\t\n\t\t\t<\/div>\n\t\t\t\n\t\t<\/div>\n\t\t\t\t<\/div>\n\t\t\t\t<\/div>\n\t\t\t\t<\/div>\n\t\t<div class=\"elementor-element elementor-element-47ecc540 e-con-full e-flex elementor-invisible e-con e-child\" data-id=\"47ecc540\" data-element_type=\"container\" data-settings=\"{&quot;background_background&quot;:&quot;classic&quot;,&quot;animation&quot;:&quot;fadeInUp&quot;,&quot;animation_mobile&quot;:&quot;none&quot;,&quot;animation_delay&quot;:750}\">\n\t\t\t\t<div class=\"elementor-element elementor-element-649ab472 elementor-view-default elementor-position-top elementor-mobile-position-top elementor-widget elementor-widget-icon-box\" data-id=\"649ab472\" data-element_type=\"widget\" data-widget_type=\"icon-box.default\">\n\t\t\t\t<div class=\"elementor-widget-container\">\n\t\t\t\t\t<div class=\"elementor-icon-box-wrapper\">\n\n\t\t\t\t\t\t<div class=\"elementor-icon-box-icon\">\n\t\t\t\t<span  class=\"elementor-icon elementor-animation-\">\n\t\t\t\t<svg xmlns=\"http:\/\/www.w3.org\/2000\/svg\" width=\"32\" height=\"31\" viewBox=\"0 0 32 31\" fill=\"none\"><path d=\"M16.0002 30.8049C13.8774 30.8049 11.8856 30.4034 10.0248 29.6005C8.16399 28.7975 6.54535 27.7078 5.16887 26.3313C3.7924 24.9549 2.70269 23.3362 1.89974 21.4754C1.09679 19.6146 0.695312 17.6228 0.695312 15.5C0.695312 13.3772 1.09679 11.3853 1.89974 9.52454C2.70269 7.66374 3.7924 6.04511 5.16887 4.66863C6.54535 3.29216 8.16399 2.20244 10.0248 1.39949C11.8856 0.596543 13.8774 0.195068 16.0002 0.195068C18.123 0.195068 20.1149 0.596543 21.9757 1.39949C23.8365 2.20244 25.4551 3.29216 26.8316 4.66863C28.208 6.04511 29.2978 7.66374 30.1007 9.52454C30.9037 11.3853 31.3051 13.3772 31.3051 15.5C31.3051 17.6228 30.9037 19.6146 30.1007 21.4754C29.2978 23.3362 28.208 24.9549 26.8316 26.3313C25.4551 27.7078 23.8365 28.7975 21.9757 29.6005C20.1149 30.4034 18.123 30.8049 16.0002 30.8049ZM16.0002 27.3924C19.3263 27.3924 22.1399 26.2418 24.441 23.9407C26.7421 21.6396 27.8926 18.8261 27.8926 15.5C27.8926 12.1739 26.7421 9.36032 24.441 7.05922C22.1399 4.75814 19.3263 3.6076 16.0002 3.6076C12.6741 3.6076 9.86056 4.75814 7.55946 7.05922C5.25839 9.36032 4.10785 12.1739 4.10785 15.5C4.10785 18.8261 5.25839 21.6396 7.55946 23.9407C9.86056 26.2418 12.6741 27.3924 16.0002 27.3924ZM12.9374 23H17.5002C18.391 23 19.1361 22.7003 19.7356 22.1008C20.335 21.5013 20.6347 20.7562 20.6347 19.8655V17.75C20.6347 17.1 20.4222 16.5625 19.9972 16.1375C19.5722 15.7125 19.0347 15.5 18.3847 15.5C19.0347 15.5 19.5722 15.2875 19.9972 14.8625C20.4222 14.4375 20.6347 13.9 20.6347 13.25V11.1345C20.6347 10.2437 20.335 9.49863 19.7356 8.89916C19.1361 8.29971 18.391 7.99998 17.5002 7.99998H12.9285C12.4857 7.99998 12.1145 8.14976 11.815 8.4493C11.5155 8.74888 11.3657 9.12008 11.3657 9.5629C11.3657 10.0057 11.5163 10.3784 11.8176 10.6808C12.1188 10.9833 12.4921 11.1345 12.9374 11.1345H17.5002V14H15.8657C15.4407 14 15.0845 14.1437 14.797 14.4312C14.5095 14.7187 14.3657 15.075 14.3657 15.5C14.3657 15.925 14.5095 16.2812 14.797 16.5687C15.0845 16.8562 15.4407 17 15.8657 17H17.5002V19.8655H12.9285C12.4857 19.8655 12.1145 20.0152 11.815 20.3148C11.5155 20.6144 11.3657 20.9856 11.3657 21.4284C11.3657 21.8712 11.5163 22.2439 11.8176 22.5463C12.1188 22.8488 12.4921 23 12.9374 23Z\" fill=\"white\"><\/path><\/svg>\t\t\t\t<\/span>\n\t\t\t<\/div>\n\t\t\t\n\t\t\t\t\t\t<div class=\"elementor-icon-box-content\">\n\n\t\t\t\t\n\t\t\t\t\t\t\t\t\t<p class=\"elementor-icon-box-description\">\n\t\t\t\t\t\tObtenha uma apresenta\u00e7\u00e3o ao vivo e personalizada\t\t\t\t\t<\/p>\n\t\t\t\t\n\t\t\t<\/div>\n\t\t\t\n\t\t<\/div>\n\t\t\t\t<\/div>\n\t\t\t\t<\/div>\n\t\t\t\t<\/div>\n\t\t\t\t\t<\/div>\n\t\t\t\t<\/div>\n\t\t\t\t\t<\/div>\n\t\t\t\t<\/div>\n\t\t\t\t<\/div>\n\t\t<div class=\"elementor-element elementor-element-7c28e5f6 elementor-hidden-mobile elementor-hidden-tablet e-flex e-con-boxed elementor-invisible e-con e-child\" data-id=\"7c28e5f6\" data-element_type=\"container\" data-settings=\"{&quot;background_background&quot;:&quot;classic&quot;,&quot;animation&quot;:&quot;slideInRight&quot;,&quot;animation_tablet&quot;:&quot;slideInUp&quot;,&quot;animation_delay&quot;:950}\">\n\t\t\t\t\t<div class=\"e-con-inner\">\n\t\t\t\t<div class=\"elementor-element elementor-element-1421bb8f elementor-widget elementor-widget-icon-box\" data-id=\"1421bb8f\" data-element_type=\"widget\" data-widget_type=\"icon-box.default\">\n\t\t\t\t<div class=\"elementor-widget-container\">\n\t\t\t\t\t<div class=\"elementor-icon-box-wrapper\">\n\n\t\t\t\n\t\t\t\t\t\t<div class=\"elementor-icon-box-content\">\n\n\t\t\t\t\t\t\t\t\t<h3 class=\"elementor-icon-box-title\">\n\t\t\t\t\t\t<span  >\n\t\t\t\t\t\t\tAgende uma demonstra\u00e7\u00e3o \t\t\t\t\t\t<\/span>\n\t\t\t\t\t<\/h3>\n\t\t\t\t\n\t\t\t\t\t\t\t\t\t<p class=\"elementor-icon-box-description\">\n\t\t\t\t\t\tPreencha o formul\u00e1rio abaixo e em breve um de nossos especialistas entrar\u00e1 em contato para agendar uma demonstra\u00e7\u00e3o.\t\t\t\t\t<\/p>\n\t\t\t\t\n\t\t\t<\/div>\n\t\t\t\n\t\t<\/div>\n\t\t\t\t<\/div>\n\t\t\t\t<\/div>\n\t\t\t\t<div class=\"elementor-element elementor-element-67ea36fa eael-contact-form-7-button-full-width elementor-widget elementor-widget-eael-contact-form-7\" data-id=\"67ea36fa\" data-element_type=\"widget\" data-widget_type=\"eael-contact-form-7.default\">\n\t\t\t\t<div class=\"elementor-widget-container\">\n\t\t\t<div class=\"eael-contact-form-7-wrapper\">\n                <div class=\"eael-contact-form eael-contact-form-7 eael-contact-form-67ea36fa placeholder-show eael-contact-form-align-center\">\n<div class=\"wpcf7 no-js\" id=\"wpcf7-f802-o1\" lang=\"en-US\" dir=\"ltr\">\n<div class=\"screen-reader-response\"><p role=\"status\" aria-live=\"polite\" aria-atomic=\"true\"><\/p> <ul><\/ul><\/div>\n<form action=\"\/site\/wp-json\/wp\/v2\/pages\/2766#wpcf7-f802-o1\" method=\"post\" class=\"wpcf7-form init\" aria-label=\"Contact form\" novalidate=\"novalidate\" data-status=\"init\">\n<div style=\"display: none;\">\n<input type=\"hidden\" name=\"_wpcf7\" value=\"802\" \/>\n<input type=\"hidden\" name=\"_wpcf7_version\" value=\"5.8.6\" \/>\n<input type=\"hidden\" name=\"_wpcf7_locale\" value=\"en_US\" \/>\n<input type=\"hidden\" name=\"_wpcf7_unit_tag\" value=\"wpcf7-f802-o1\" \/>\n<input type=\"hidden\" name=\"_wpcf7_container_post\" value=\"0\" \/>\n<input type=\"hidden\" name=\"_wpcf7_posted_data_hash\" value=\"\" \/>\n<input type=\"hidden\" name=\"_wpcf7_recaptcha_response\" value=\"\" \/>\n<\/div>\n<p><span class=\"wpcf7-form-control-wrap\" data-name=\"nome\"><input size=\"40\" class=\"wpcf7-form-control wpcf7-text wpcf7-validates-as-required\" aria-required=\"true\" aria-invalid=\"false\" placeholder=\"Nome\" value=\"\" type=\"text\" name=\"nome\" \/><\/span>\n<\/p>\n<p><span class=\"wpcf7-form-control-wrap\" data-name=\"email\"><input size=\"40\" class=\"wpcf7-form-control wpcf7-email wpcf7-validates-as-required wpcf7-text wpcf7-validates-as-email\" aria-required=\"true\" aria-invalid=\"false\" placeholder=\"E-mail\" value=\"\" type=\"email\" name=\"email\" \/><\/span>\n<\/p>\n<p><span class=\"wpcf7-form-control-wrap\" data-name=\"instituicao\"><input size=\"40\" class=\"wpcf7-form-control wpcf7-text wpcf7-validates-as-required\" aria-required=\"true\" aria-invalid=\"false\" placeholder=\"Institui\u00e7\u00e3o\" value=\"\" type=\"text\" name=\"instituicao\" \/><\/span>\n<\/p>\n<p><span class=\"wpcf7-form-control-wrap\" data-name=\"cargo\"><input size=\"40\" class=\"wpcf7-form-control wpcf7-text wpcf7-validates-as-required\" aria-required=\"true\" aria-invalid=\"false\" placeholder=\"Cargo\" value=\"\" type=\"text\" name=\"cargo\" \/><\/span>\n<\/p>\n<p><span class=\"wpcf7-form-control-wrap\" data-name=\"telefone\"><input size=\"40\" class=\"wpcf7-form-control wpcf7-tel wpcf7-validates-as-required wpcf7-text wpcf7-validates-as-tel\" aria-required=\"true\" aria-invalid=\"false\" placeholder=\"(51) 99999-9999\" value=\"\" type=\"tel\" name=\"telefone\" \/><\/span>\n<\/p>\n<p><span class=\"wpcf7-form-control-wrap\" data-name=\"mensagem\"><textarea cols=\"40\" rows=\"3\" class=\"wpcf7-form-control wpcf7-textarea\" id=\"comercial-form\" aria-invalid=\"false\" placeholder=\"Mensagem (opcional)\" name=\"mensagem\"><\/textarea><\/span>\n<\/p>\n<p><input class=\"wpcf7-form-control wpcf7-submit has-spinner\" type=\"submit\" value=\"Agendar Demonstra\u00e7\u00e3o\" \/>\n<\/p><div class=\"wpcf7-response-output\" aria-hidden=\"true\"><\/div>\n<\/form>\n<\/div>\n<\/div>\n            <\/div>\t\t<\/div>\n\t\t\t\t<\/div>\n\t\t\t\t\t<\/div>\n\t\t\t\t<\/div>\n\t\t\t\t\t<\/div>\n\t\t\t\t<\/div>\n\t\t<div class=\"elementor-element elementor-element-4f088fb elementor-hidden-desktop e-flex e-con-boxed e-con e-parent\" data-id=\"4f088fb\" data-element_type=\"container\" data-settings=\"{&quot;animation_mobile&quot;:&quot;fadeIn&quot;}\">\n\t\t\t\t\t<div class=\"e-con-inner\">\n\t\t\t\t<div class=\"elementor-element elementor-element-57762732 elementor-widget elementor-widget-icon-box\" data-id=\"57762732\" data-element_type=\"widget\" data-widget_type=\"icon-box.default\">\n\t\t\t\t<div class=\"elementor-widget-container\">\n\t\t\t\t\t<div class=\"elementor-icon-box-wrapper\">\n\n\t\t\t\n\t\t\t\t\t\t<div class=\"elementor-icon-box-content\">\n\n\t\t\t\t\t\t\t\t\t<h3 class=\"elementor-icon-box-title\">\n\t\t\t\t\t\t<span  >\n\t\t\t\t\t\t\tAgende uma demonstra\u00e7\u00e3o\t\t\t\t\t\t<\/span>\n\t\t\t\t\t<\/h3>\n\t\t\t\t\n\t\t\t\t\t\t\t\t\t<p class=\"elementor-icon-box-description\">\n\t\t\t\t\t\tPreencha o formul\u00e1rio abaixo e em breve um de nossos especialistas entrar\u00e1 em contato para agendar uma demonstra\u00e7\u00e3o.\t\t\t\t\t<\/p>\n\t\t\t\t\n\t\t\t<\/div>\n\t\t\t\n\t\t<\/div>\n\t\t\t\t<\/div>\n\t\t\t\t<\/div>\n\t\t\t\t<div class=\"elementor-element elementor-element-37b53343 eael-contact-form-7-button-full-width elementor-widget elementor-widget-eael-contact-form-7\" data-id=\"37b53343\" data-element_type=\"widget\" data-widget_type=\"eael-contact-form-7.default\">\n\t\t\t\t<div class=\"elementor-widget-container\">\n\t\t\t<div class=\"eael-contact-form-7-wrapper\">\n                <div class=\"eael-contact-form eael-contact-form-7 eael-contact-form-37b53343 placeholder-show eael-contact-form-align-center\">\n<div class=\"wpcf7 no-js\" id=\"wpcf7-f802-o2\" lang=\"en-US\" dir=\"ltr\">\n<div class=\"screen-reader-response\"><p role=\"status\" aria-live=\"polite\" aria-atomic=\"true\"><\/p> <ul><\/ul><\/div>\n<form action=\"\/site\/wp-json\/wp\/v2\/pages\/2766#wpcf7-f802-o2\" method=\"post\" class=\"wpcf7-form init\" aria-label=\"Contact form\" novalidate=\"novalidate\" data-status=\"init\">\n<div style=\"display: none;\">\n<input type=\"hidden\" name=\"_wpcf7\" value=\"802\" \/>\n<input type=\"hidden\" name=\"_wpcf7_version\" value=\"5.8.6\" \/>\n<input type=\"hidden\" name=\"_wpcf7_locale\" value=\"en_US\" \/>\n<input type=\"hidden\" name=\"_wpcf7_unit_tag\" value=\"wpcf7-f802-o2\" \/>\n<input type=\"hidden\" name=\"_wpcf7_container_post\" value=\"0\" \/>\n<input type=\"hidden\" name=\"_wpcf7_posted_data_hash\" value=\"\" \/>\n<input type=\"hidden\" name=\"_wpcf7_recaptcha_response\" value=\"\" \/>\n<\/div>\n<p><span class=\"wpcf7-form-control-wrap\" data-name=\"nome\"><input size=\"40\" class=\"wpcf7-form-control wpcf7-text wpcf7-validates-as-required\" aria-required=\"true\" aria-invalid=\"false\" placeholder=\"Nome\" value=\"\" type=\"text\" name=\"nome\" \/><\/span>\n<\/p>\n<p><span class=\"wpcf7-form-control-wrap\" data-name=\"email\"><input size=\"40\" class=\"wpcf7-form-control wpcf7-email wpcf7-validates-as-required wpcf7-text wpcf7-validates-as-email\" aria-required=\"true\" aria-invalid=\"false\" placeholder=\"E-mail\" value=\"\" type=\"email\" name=\"email\" \/><\/span>\n<\/p>\n<p><span class=\"wpcf7-form-control-wrap\" data-name=\"instituicao\"><input size=\"40\" class=\"wpcf7-form-control wpcf7-text wpcf7-validates-as-required\" aria-required=\"true\" aria-invalid=\"false\" placeholder=\"Institui\u00e7\u00e3o\" value=\"\" type=\"text\" name=\"instituicao\" \/><\/span>\n<\/p>\n<p><span class=\"wpcf7-form-control-wrap\" data-name=\"cargo\"><input size=\"40\" class=\"wpcf7-form-control wpcf7-text wpcf7-validates-as-required\" aria-required=\"true\" aria-invalid=\"false\" placeholder=\"Cargo\" value=\"\" type=\"text\" name=\"cargo\" \/><\/span>\n<\/p>\n<p><span class=\"wpcf7-form-control-wrap\" data-name=\"telefone\"><input size=\"40\" class=\"wpcf7-form-control wpcf7-tel wpcf7-validates-as-required wpcf7-text wpcf7-validates-as-tel\" aria-required=\"true\" aria-invalid=\"false\" placeholder=\"(51) 99999-9999\" value=\"\" type=\"tel\" name=\"telefone\" \/><\/span>\n<\/p>\n<p><span class=\"wpcf7-form-control-wrap\" data-name=\"mensagem\"><textarea cols=\"40\" rows=\"3\" class=\"wpcf7-form-control wpcf7-textarea\" aria-invalid=\"false\" placeholder=\"Mensagem (opcional)\" name=\"mensagem\"><\/textarea><\/span>\n<\/p>\n<p><input class=\"wpcf7-form-control wpcf7-submit has-spinner\" type=\"submit\" value=\"Agendar Demonstra\u00e7\u00e3o\" \/>\n<\/p><div class=\"wpcf7-response-output\" aria-hidden=\"true\"><\/div>\n<\/form>\n<\/div>\n<\/div>\n            <\/div>\t\t<\/div>\n\t\t\t\t<\/div>\n\t\t\t\t\t<\/div>\n\t\t\t\t<\/div>\n\t\t<div class=\"elementor-element elementor-element-1176e65f e-flex e-con-boxed e-con e-parent\" data-id=\"1176e65f\" data-element_type=\"container\">\n\t\t\t\t\t<div class=\"e-con-inner\">\n\t\t\t\t<div class=\"elementor-element elementor-element-2a9a30bb elementor-widget elementor-widget-html\" data-id=\"2a9a30bb\" data-element_type=\"widget\" data-widget_type=\"html.default\">\n\t\t\t\t<div class=\"elementor-widget-container\">\n\t\t\t<style>\n    .content {\n        max-width: 1310px;\n    }\n    \n    textarea.wpcf7-form-control.wpcf7-textarea{\n        width: 100%;\n    }\n    \n<\/style>\t\t<\/div>\n\t\t\t\t<\/div>\n\t\t\t\t\t<\/div>\n\t\t\t\t<\/div>\n\t\t\t\t<\/div>\n\t\t","protected":false},"excerpt":{"rendered":"<p>Descubra como o Elos pode atender sua Institui\u00e7\u00e3o. Ao agendar uma demonstra\u00e7\u00e3o, apresentaremos todas as potencialidades do Elos e como ele pode auxiliar no aumento da produtividade da sua Institui\u00e7\u00e3o. Como funciona Preencha o formul\u00e1rio e solicite uma demonstra\u00e7\u00e3o Converse com nosso time de especialistas Obtenha uma apresenta\u00e7\u00e3o ao vivo e personalizada Agende uma demonstra\u00e7\u00e3o [&hellip;]<\/p>\n","protected":false},"author":1,"featured_media":0,"parent":0,"menu_order":0,"comment_status":"closed","ping_status":"closed","template":"elementor_header_footer","meta":[],"aioseo_notices":[],"jetpack_sharing_enabled":true,"_links":{"self":[{"href":"https:\/\/elos.vc\/site\/wp-json\/wp\/v2\/pages\/2766"}],"collection":[{"href":"https:\/\/elos.vc\/site\/wp-json\/wp\/v2\/pages"}],"about":[{"href":"https:\/\/elos.vc\/site\/wp-json\/wp\/v2\/types\/page"}],"author":[{"embeddable":true,"href":"https:\/\/elos.vc\/site\/wp-json\/wp\/v2\/users\/1"}],"replies":[{"embeddable":true,"href":"https:\/\/elos.vc\/site\/wp-json\/wp\/v2\/comments?post=2766"}],"version-history":[{"count":29,"href":"https:\/\/elos.vc\/site\/wp-json\/wp\/v2\/pages\/2766\/revisions"}],"predecessor-version":[{"id":4049,"href":"https:\/\/elos.vc\/site\/wp-json\/wp\/v2\/pages\/2766\/revisions\/4049"}],"wp:attachment":[{"href":"https:\/\/elos.vc\/site\/wp-json\/wp\/v2\/media?parent=2766"}],"curies":[{"name":"wp","href":"https:\/\/api.w.org\/{rel}","templated":true}]}}