{"id":2751,"date":"2023-10-10T13:57:01","date_gmt":"2023-10-10T13:57:01","guid":{"rendered":"https:\/\/elos.vc\/site\/case-worlded-school-2\/"},"modified":"2023-10-16T14:34:59","modified_gmt":"2023-10-16T14:34:59","slug":"worlded-school","status":"publish","type":"page","link":"https:\/\/elos.vc\/site\/worlded-school\/","title":{"rendered":"Case WorldEd School"},"content":{"rendered":"\t\t<div data-elementor-type=\"wp-page\" data-elementor-id=\"2751\" class=\"elementor elementor-2751\" data-elementor-post-type=\"page\">\n\t\t\t\t<div class=\"elementor-element elementor-element-7840d38a e-flex e-con-boxed elementor-invisible e-con e-parent\" data-id=\"7840d38a\" data-element_type=\"container\" data-settings=\"{&quot;background_background&quot;:&quot;classic&quot;,&quot;animation&quot;:&quot;fadeIn&quot;}\">\n\t\t\t\t\t<div class=\"e-con-inner\">\n\t\t<div class=\"elementor-element elementor-element-5029b79c e-con-full e-flex e-con e-child\" data-id=\"5029b79c\" data-element_type=\"container\" data-settings=\"{&quot;background_background&quot;:&quot;classic&quot;}\">\n\t\t\t\t<div class=\"elementor-element elementor-element-3f1c423b elementor-widget elementor-widget-image\" data-id=\"3f1c423b\" data-element_type=\"widget\" data-widget_type=\"image.default\">\n\t\t\t\t<div class=\"elementor-widget-container\">\n\t\t\t<style>\/*! elementor - v3.21.0 - 08-05-2024 *\/\n.elementor-widget-image{text-align:center}.elementor-widget-image a{display:inline-block}.elementor-widget-image a img[src$=\".svg\"]{width:48px}.elementor-widget-image img{vertical-align:middle;display:inline-block}<\/style>\t\t\t\t\t\t\t\t\t\t<img decoding=\"async\" width=\"130\" height=\"43\" src=\"https:\/\/elos.vc\/wp-content\/uploads\/2023\/10\/logo-site_2k-copiar-e1641601587298-2.png\" class=\"attachment-full size-full wp-image-2561\" alt=\"\" srcset=\"https:\/\/elos.vc\/wp-content\/uploads\/2023\/10\/logo-site_2k-copiar-e1641601587298-2.png 130w, https:\/\/elos.vc\/wp-content\/uploads\/2023\/10\/elementor\/thumbs\/logo-site_2k-copiar-e1641601587298-2.png 150w\" sizes=\"(max-width: 130px) 100vw, 130px\" \/>\t\t\t\t\t\t\t\t\t\t\t\t\t<\/div>\n\t\t\t\t<\/div>\n\t\t\t\t<\/div>\n\t\t\t\t\t<\/div>\n\t\t\t\t<\/div>\n\t\t<div class=\"elementor-element elementor-element-7bd29e7d e-flex e-con-boxed elementor-invisible e-con e-parent\" data-id=\"7bd29e7d\" data-element_type=\"container\" data-settings=\"{&quot;animation&quot;:&quot;fadeIn&quot;}\">\n\t\t\t\t\t<div class=\"e-con-inner\">\n\t\t\t\t<div class=\"elementor-element elementor-element-352b8009 elementor-widget elementor-widget-icon-box\" data-id=\"352b8009\" data-element_type=\"widget\" data-widget_type=\"icon-box.default\">\n\t\t\t\t<div class=\"elementor-widget-container\">\n\t\t\t<link rel=\"stylesheet\" href=\"https:\/\/elos.vc\/wp-content\/plugins\/elementor\/assets\/css\/widget-icon-box.min.css\">\t\t<div class=\"elementor-icon-box-wrapper\">\n\n\t\t\t\n\t\t\t\t\t\t<div class=\"elementor-icon-box-content\">\n\n\t\t\t\t\n\t\t\t\t\t\t\t\t\t<p class=\"elementor-icon-box-description\">\n\t\t\t\t\t\tA WorldEd School necessitava de uma plataforma com usabilidade f\u00e1cil e que disponibilizasse treinamentos para capacitar a equipe acad\u00eamica. Isso porque a institui\u00e7\u00e3o atende diferentes p\u00fablicos internacionais, e todos precisam estar alinhados quanto ao uso da sala de aula virtual.\t\t\t\t\t<\/p>\n\t\t\t\t\n\t\t\t<\/div>\n\t\t\t\n\t\t<\/div>\n\t\t\t\t<\/div>\n\t\t\t\t<\/div>\n\t\t<div class=\"elementor-element elementor-element-479d1abe e-flex e-con-boxed e-con e-child\" data-id=\"479d1abe\" data-element_type=\"container\">\n\t\t\t\t\t<div class=\"e-con-inner\">\n\t\t\t\t<div class=\"elementor-element elementor-element-54ce1d86 elementor-widget elementor-widget-heading\" data-id=\"54ce1d86\" data-element_type=\"widget\" data-widget_type=\"heading.default\">\n\t\t\t\t<div class=\"elementor-widget-container\">\n\t\t\t<style>\/*! elementor - v3.21.0 - 08-05-2024 *\/\n.elementor-heading-title{padding:0;margin:0;line-height:1}.elementor-widget-heading .elementor-heading-title[class*=elementor-size-]>a{color:inherit;font-size:inherit;line-height:inherit}.elementor-widget-heading .elementor-heading-title.elementor-size-small{font-size:15px}.elementor-widget-heading .elementor-heading-title.elementor-size-medium{font-size:19px}.elementor-widget-heading .elementor-heading-title.elementor-size-large{font-size:29px}.elementor-widget-heading .elementor-heading-title.elementor-size-xl{font-size:39px}.elementor-widget-heading .elementor-heading-title.elementor-size-xxl{font-size:59px}<\/style><h2 class=\"elementor-heading-title elementor-size-default\">Como auxiliamos a WorldEd School?<\/h2>\t\t<\/div>\n\t\t\t\t<\/div>\n\t\t\t\t<div class=\"elementor-element elementor-element-1dc483b2 elementor-widget elementor-widget-text-editor\" data-id=\"1dc483b2\" data-element_type=\"widget\" data-widget_type=\"text-editor.default\">\n\t\t\t\t<div class=\"elementor-widget-container\">\n\t\t\t<style>\/*! elementor - v3.21.0 - 08-05-2024 *\/\n.elementor-widget-text-editor.elementor-drop-cap-view-stacked .elementor-drop-cap{background-color:#69727d;color:#fff}.elementor-widget-text-editor.elementor-drop-cap-view-framed .elementor-drop-cap{color:#69727d;border:3px solid;background-color:transparent}.elementor-widget-text-editor:not(.elementor-drop-cap-view-default) .elementor-drop-cap{margin-top:8px}.elementor-widget-text-editor:not(.elementor-drop-cap-view-default) .elementor-drop-cap-letter{width:1em;height:1em}.elementor-widget-text-editor .elementor-drop-cap{float:left;text-align:center;line-height:1;font-size:50px}.elementor-widget-text-editor .elementor-drop-cap-letter{display:inline-block}<\/style>\t\t\t\t<ul><li aria-level=\"1\">O primeiro ponto foi a integra\u00e7\u00e3o com o Canva &#8211; sistema de LMS utilizado pela institui\u00e7\u00e3o &#8211; para que o acesso, organiza\u00e7\u00e3o e documenta\u00e7\u00e3o ficassem unidos em um \u00fanico espa\u00e7o;<\/li><\/ul><p>\u00a0<\/p><ul><li aria-level=\"1\">Treinamento ministrado em ingl\u00eas, pela nossa equipe de atendimento, como forma de capacitar a equipe acad\u00eamica quanto ao uso das potencialidades do Elos.<\/li><\/ul><p>\u00a0<\/p>\t\t\t\t\t\t<\/div>\n\t\t\t\t<\/div>\n\t\t\t\t\t<\/div>\n\t\t\t\t<\/div>\n\t\t<div class=\"elementor-element elementor-element-787ba586 e-flex e-con-boxed e-con e-child\" data-id=\"787ba586\" data-element_type=\"container\" data-settings=\"{&quot;background_background&quot;:&quot;classic&quot;}\">\n\t\t\t\t\t<div class=\"e-con-inner\">\n\t\t\t\t<div class=\"elementor-element elementor-element-71dbe4d8 elementor-widget elementor-widget-text-editor\" data-id=\"71dbe4d8\" data-element_type=\"widget\" data-widget_type=\"text-editor.default\">\n\t\t\t\t<div class=\"elementor-widget-container\">\n\t\t\t\t\t\t\t<p><i><span style=\"font-weight: 400;\">\u201cFoi um treinamento completo! Foi explicado bot\u00e3ozinho por bot\u00e3ozinho, tudo que se pode fazer dentro da classroom. Foi super explicativo. O treinamento em si foi muito f\u00e1cil, n\u00e3o teve dificuldades, por isso acredito que qualquer pessoa que assistir consegue entender.\u201d &#8211; <\/span><\/i><b><i>Camila Carollo, Coordenadora Instrucional. <\/i><\/b><\/p>\t\t\t\t\t\t<\/div>\n\t\t\t\t<\/div>\n\t\t\t\t\t<\/div>\n\t\t\t\t<\/div>\n\t\t\t\t\t<\/div>\n\t\t\t\t<\/div>\n\t\t<div class=\"elementor-element elementor-element-66059acf e-flex e-con-boxed elementor-invisible e-con e-parent\" data-id=\"66059acf\" data-element_type=\"container\" data-settings=\"{&quot;background_background&quot;:&quot;classic&quot;,&quot;animation&quot;:&quot;fadeIn&quot;}\">\n\t\t\t\t\t<div class=\"e-con-inner\">\n\t\t\t\t<div class=\"elementor-element elementor-element-549ff3d5 elementor-widget__width-initial elementor-widget elementor-widget-heading\" data-id=\"549ff3d5\" data-element_type=\"widget\" data-widget_type=\"heading.default\">\n\t\t\t\t<div class=\"elementor-widget-container\">\n\t\t\t<h2 class=\"elementor-heading-title elementor-size-default\">Se voc\u00ea tamb\u00e9m quer ter esses resultados entre em contato com a gente<\/h2>\t\t<\/div>\n\t\t\t\t<\/div>\n\t\t\t\t<div class=\"elementor-element elementor-element-3c17780d elementor-widget elementor-widget-button\" data-id=\"3c17780d\" data-element_type=\"widget\" data-widget_type=\"button.default\">\n\t\t\t\t<div class=\"elementor-widget-container\">\n\t\t\t\t\t<div class=\"elementor-button-wrapper\">\n\t\t\t<a class=\"elementor-button elementor-button-link elementor-size-sm elementor-animation-grow\" href=\"https:\/\/elos.vc\/site\/agendar-demonstracao\/\">\n\t\t\t\t\t\t<span class=\"elementor-button-content-wrapper\">\n\t\t\t\t\t\t\t\t\t<span class=\"elementor-button-text\">Falar com especialista<\/span>\n\t\t\t\t\t<\/span>\n\t\t\t\t\t<\/a>\n\t\t<\/div>\n\t\t\t\t<\/div>\n\t\t\t\t<\/div>\n\t\t\t\t\t<\/div>\n\t\t\t\t<\/div>\n\t\t<div class=\"elementor-element elementor-element-687f8bf8 e-flex e-con-boxed e-con e-parent\" data-id=\"687f8bf8\" data-element_type=\"container\">\n\t\t\t\t\t<div class=\"e-con-inner\">\n\t\t<div class=\"elementor-element elementor-element-2b823e3a e-flex e-con-boxed e-con e-child\" data-id=\"2b823e3a\" data-element_type=\"container\">\n\t\t\t\t\t<div class=\"e-con-inner\">\n\t\t\t\t<div class=\"elementor-element elementor-element-7658c1f2 elementor-widget elementor-widget-html\" data-id=\"7658c1f2\" data-element_type=\"widget\" data-widget_type=\"html.default\">\n\t\t\t\t<div class=\"elementor-widget-container\">\n\t\t\t<style>\n    .content {\n        max-width: 1310px;\n    }\n<\/style>\t\t<\/div>\n\t\t\t\t<\/div>\n\t\t\t\t\t<\/div>\n\t\t\t\t<\/div>\n\t\t\t\t\t<\/div>\n\t\t\t\t<\/div>\n\t\t\t\t<\/div>\n\t\t","protected":false},"excerpt":{"rendered":"<p>A WorldEd School necessitava de uma plataforma com usabilidade f\u00e1cil e que disponibilizasse treinamentos para capacitar a equipe acad\u00eamica. Isso porque a institui\u00e7\u00e3o atende diferentes p\u00fablicos internacionais, e todos precisam estar alinhados quanto ao uso da sala de aula virtual. Como auxiliamos a WorldEd School? O primeiro ponto foi a integra\u00e7\u00e3o com o Canva &#8211; [&hellip;]<\/p>\n","protected":false},"author":1,"featured_media":0,"parent":0,"menu_order":0,"comment_status":"closed","ping_status":"closed","template":"elementor_header_footer","meta":[],"aioseo_notices":[],"jetpack_sharing_enabled":true,"_links":{"self":[{"href":"https:\/\/elos.vc\/site\/wp-json\/wp\/v2\/pages\/2751"}],"collection":[{"href":"https:\/\/elos.vc\/site\/wp-json\/wp\/v2\/pages"}],"about":[{"href":"https:\/\/elos.vc\/site\/wp-json\/wp\/v2\/types\/page"}],"author":[{"embeddable":true,"href":"https:\/\/elos.vc\/site\/wp-json\/wp\/v2\/users\/1"}],"replies":[{"embeddable":true,"href":"https:\/\/elos.vc\/site\/wp-json\/wp\/v2\/comments?post=2751"}],"version-history":[{"count":13,"href":"https:\/\/elos.vc\/site\/wp-json\/wp\/v2\/pages\/2751\/revisions"}],"predecessor-version":[{"id":3150,"href":"https:\/\/elos.vc\/site\/wp-json\/wp\/v2\/pages\/2751\/revisions\/3150"}],"wp:attachment":[{"href":"https:\/\/elos.vc\/site\/wp-json\/wp\/v2\/media?parent=2751"}],"curies":[{"name":"wp","href":"https:\/\/api.w.org\/{rel}","templated":true}]}}