{"id":3716,"date":"2024-08-19T13:08:04","date_gmt":"2024-08-19T13:08:04","guid":{"rendered":"https:\/\/elos.vc\/site\/?page_id=3716"},"modified":"2024-08-28T12:57:37","modified_gmt":"2024-08-28T12:57:37","slug":"seguranca-da-informacao","status":"publish","type":"page","link":"https:\/\/elos.vc\/site\/es\/seguranca-da-informacao\/","title":{"rendered":"Seguridad de la informaci\u00f3n"},"content":{"rendered":"<div data-elementor-type=\"wp-page\" data-elementor-id=\"3716\" class=\"elementor elementor-3716\" data-elementor-post-type=\"page\">\n\t\t\t\t<div class=\"elementor-element elementor-element-34b19e17 e-flex e-con-boxed elementor-invisible e-con e-parent\" data-id=\"34b19e17\" data-element_type=\"container\" data-settings=\"{&quot;animation&quot;:&quot;fadeIn&quot;}\">\n\t\t\t\t\t<div class=\"e-con-inner\">\n\t\t\t\t<div class=\"elementor-element elementor-element-6cc7903b elementor-widget elementor-widget-heading\" data-id=\"6cc7903b\" data-element_type=\"widget\" data-widget_type=\"heading.default\">\n\t\t\t\t<div class=\"elementor-widget-container\">\n\t\t\t<style>\/*! elementor - v3.21.0 - 08-05-2024 *\/\n.elementor-heading-title{padding:0;margin:0;line-height:1}.elementor-widget-heading .elementor-heading-title[class*=elementor-size-]>a{color:inherit;font-size:inherit;line-height:inherit}.elementor-widget-heading .elementor-heading-title.elementor-size-small{font-size:15px}.elementor-widget-heading .elementor-heading-title.elementor-size-medium{font-size:19px}.elementor-widget-heading .elementor-heading-title.elementor-size-large{font-size:29px}.elementor-widget-heading .elementor-heading-title.elementor-size-xl{font-size:39px}.elementor-widget-heading .elementor-heading-title.elementor-size-xxl{font-size:59px}<\/style><h2 class=\"elementor-heading-title elementor-size-default\">Pol\u00edtica General de Seguridad de la Informaci\u00f3n<\/h2>\t\t<\/div>\n\t\t\t\t<\/div>\n\t\t<div class=\"elementor-element elementor-element-65bd2eb3 e-flex e-con-boxed e-con e-child\" data-id=\"65bd2eb3\" data-element_type=\"container\">\n\t\t\t\t\t<div class=\"e-con-inner\">\n\t\t\t\t<div class=\"elementor-element elementor-element-6d930e4 elementor-widget elementor-widget-heading\" data-id=\"6d930e4\" data-element_type=\"widget\" data-widget_type=\"heading.default\">\n\t\t\t\t<div class=\"elementor-widget-container\">\n\t\t\t<h2 class=\"elementor-heading-title elementor-size-default\">Introducci\u00f3n<\/h2>\t\t<\/div>\n\t\t\t\t<\/div>\n\t\t\t\t<div class=\"elementor-element elementor-element-6a43fc5c termos elementor-widget elementor-widget-text-editor\" data-id=\"6a43fc5c\" data-element_type=\"widget\" data-widget_type=\"text-editor.default\">\n\t\t\t\t<div class=\"elementor-widget-container\">\n\t\t\t<style>\/*! elementor - v3.21.0 - 08-05-2024 *\/\n.elementor-widget-text-editor.elementor-drop-cap-view-stacked .elementor-drop-cap{background-color:#69727d;color:#fff}.elementor-widget-text-editor.elementor-drop-cap-view-framed .elementor-drop-cap{color:#69727d;border:3px solid;background-color:transparent}.elementor-widget-text-editor:not(.elementor-drop-cap-view-default) .elementor-drop-cap{margin-top:8px}.elementor-widget-text-editor:not(.elementor-drop-cap-view-default) .elementor-drop-cap-letter{width:1em;height:1em}.elementor-widget-text-editor .elementor-drop-cap{float:left;text-align:center;line-height:1;font-size:50px}.elementor-widget-text-editor .elementor-drop-cap-letter{display:inline-block}<\/style>\t\t\t\t<p><span style=\"font-weight: 400;\">La misi\u00f3n de Mconf es permitir conexiones y expandir negocios a trav\u00e9s de la tecnolog\u00eda. Entre nuestros valores, la integridad como aspecto fundamental refleja lo esencial que es la seguridad de la informaci\u00f3n para asegurar la calidad y confiabilidad de nuestros productos, as\u00ed como para garantizar el mejor ambiente de trabajo de los colaboradores y socios de la empresa.<\/span><\/p><p><span style=\"font-weight: 400;\">Entendemos que el manejo de los datos y la informaci\u00f3n nos somete a diferentes niveles de exposici\u00f3n, ya que viajan a trav\u00e9s de diferentes medios de comunicaci\u00f3n, almacenamiento y procesamiento. Por ello, es fundamental que se mantengan buenas pr\u00e1cticas y est\u00e1ndares, alineados con esta Pol\u00edtica General de Seguridad de la Informaci\u00f3n, con el objetivo de garantizar nada menos que niveles adecuados de protecci\u00f3n de este valioso recurso, como parte indispensable de nuestro sistema de gesti\u00f3n.<\/span><\/p>\t\t\t\t\t\t<\/div>\n\t\t\t\t<\/div>\n\t\t\t\t<div class=\"elementor-element elementor-element-ad6b0cf elementor-widget elementor-widget-heading\" data-id=\"ad6b0cf\" data-element_type=\"widget\" data-widget_type=\"heading.default\">\n\t\t\t\t<div class=\"elementor-widget-container\">\n\t\t\t<h2 class=\"elementor-heading-title elementor-size-default\">Objetivo<\/h2>\t\t<\/div>\n\t\t\t\t<\/div>\n\t\t\t\t<div class=\"elementor-element elementor-element-89ac152 termos elementor-widget elementor-widget-text-editor\" data-id=\"89ac152\" data-element_type=\"widget\" data-widget_type=\"text-editor.default\">\n\t\t\t\t<div class=\"elementor-widget-container\">\n\t\t\t\t\t\t\t<p><span style=\"font-weight: 400;\">Este documento tiene como objetivo formalizar los lineamientos de la Pol\u00edtica General de Seguridad de la Informaci\u00f3n de Mconf, buscando proteger los activos de informaci\u00f3n de manera segura y transparente, a trav\u00e9s de la prevenci\u00f3n, detecci\u00f3n y reducci\u00f3n de los riesgos asociados, de manera alineada con el negocio, la complejidad y el tama\u00f1o de la empresa.<\/span><\/p><p><span style=\"font-weight: 400;\">Adem\u00e1s, esta Pol\u00edtica es un documento estrat\u00e9gico, que establece los conceptos y lineamientos para promover el uso seguro de los activos de informaci\u00f3n de todos los empleados y socios de Mconf - los cuales deben implementar soluciones de car\u00e1cter multidisciplinario, con atenci\u00f3n a las normas y regulaciones aplicables, preservando la confidencialidad, integridad y disponibilidad de la informaci\u00f3n para la resoluci\u00f3n de incidentes y deliberaci\u00f3n de los procedimientos a adoptar para la toma de decisiones.<\/span><\/p>\t\t\t\t\t\t<\/div>\n\t\t\t\t<\/div>\n\t\t\t\t<div class=\"elementor-element elementor-element-70453b9 elementor-widget elementor-widget-heading\" data-id=\"70453b9\" data-element_type=\"widget\" data-widget_type=\"heading.default\">\n\t\t\t\t<div class=\"elementor-widget-container\">\n\t\t\t<h2 class=\"elementor-heading-title elementor-size-default\">Destinatarios<\/h2>\t\t<\/div>\n\t\t\t\t<\/div>\n\t\t\t\t<div class=\"elementor-element elementor-element-770c6a4 termos elementor-widget elementor-widget-text-editor\" data-id=\"770c6a4\" data-element_type=\"widget\" data-widget_type=\"text-editor.default\">\n\t\t\t\t<div class=\"elementor-widget-container\">\n\t\t\t\t\t\t\t<p><span style=\"font-weight: 400;\">Esta Pol\u00edtica se aplica a todos los socios, directores, gerentes, administradores, empleados, proveedores de servicios, agentes, subcontratistas y cualquier otra persona f\u00edsica o jur\u00eddica contratada u otras entidades que participen, directa o indirectamente, en las actividades y negocios diarios de Mconf, incluidos clientes y usuarios de productos desarrollados por Mconf.<\/span><\/p>\t\t\t\t\t\t<\/div>\n\t\t\t\t<\/div>\n\t\t\t\t<div class=\"elementor-element elementor-element-26f5543 elementor-widget elementor-widget-heading\" data-id=\"26f5543\" data-element_type=\"widget\" data-widget_type=\"heading.default\">\n\t\t\t\t<div class=\"elementor-widget-container\">\n\t\t\t<h2 class=\"elementor-heading-title elementor-size-default\">Principios y directrices<\/h2>\t\t<\/div>\n\t\t\t\t<\/div>\n\t\t\t\t<div class=\"elementor-element elementor-element-5b7f527 termos elementor-widget elementor-widget-text-editor\" data-id=\"5b7f527\" data-element_type=\"widget\" data-widget_type=\"text-editor.default\">\n\t\t\t\t<div class=\"elementor-widget-container\">\n\t\t\t\t\t\t\t<p><span style=\"font-weight: 400;\">A los efectos de esta Pol\u00edtica, la actuaci\u00f3n de Mconf y sus destinatarios, en el seno de la empresa, respecto de las mejores pr\u00e1cticas de Seguridad de la Informaci\u00f3n, se regir\u00e1 por los principios de diligencia, confidencialidad, adecuaci\u00f3n, disponibilidad, autenticidad, protecci\u00f3n y continuidad, as\u00ed como como las siguientes pautas:<\/span><\/p><ul><li>Confidencialidad: S\u00f3lo el usuario de la informaci\u00f3n, quien est\u00e9 debidamente autorizado por el responsable de la informaci\u00f3n, debe tener acceso a la Informaci\u00f3n, respetando los criterios de segregaci\u00f3n de funciones;<\/li><li style=\"font-weight: 400;\" aria-level=\"1\"><span style=\"font-weight: 400;\">Adecuaci\u00f3n: Garantizar que la informaci\u00f3n no cambia desde su creaci\u00f3n hasta su uso. Cualquier cambio, eliminaci\u00f3n y\/o adici\u00f3n debe ser autorizado por la gesti\u00f3n de informaci\u00f3n de Mconf;<\/span><\/li><li style=\"font-weight: 400;\" aria-level=\"1\"><span style=\"font-weight: 400;\">Disponibilidad: Debe garantizar que la informaci\u00f3n est\u00e9 siempre disponible para el usuario de la informaci\u00f3n;<\/span><\/li><li style=\"font-weight: 400;\" aria-level=\"1\"><span style=\"font-weight: 400;\">Autenticidad: Garantiza la identidad de quien env\u00eda la Informaci\u00f3n, es decir, genera el no repudio que se da cuando existe garant\u00eda de que el remitente no puede sustraerse a la autor\u00eda del mensaje (irretractabilidad);<\/span><\/li><li style=\"font-weight: 400;\" aria-level=\"1\"><span style=\"font-weight: 400;\">Lucha contra los riesgos cibern\u00e9ticos: B\u00fasqueda constante y diligente de mapeo y escaneo de los riesgos de ataques cibern\u00e9ticos.<\/span><\/li><li style=\"font-weight: 400;\" aria-level=\"1\"><span style=\"font-weight: 400;\">Protecci\u00f3n: Proteger la informaci\u00f3n contra el acceso no autorizado, modificaci\u00f3n, destrucci\u00f3n o divulgaci\u00f3n;<\/span><\/li><li style=\"font-weight: 400;\" aria-level=\"1\"><span style=\"font-weight: 400;\">Clasificaci\u00f3n: Proporcionar la clasificaci\u00f3n adecuada de la informaci\u00f3n, considerando los criterios de confidencialidad, integridad y disponibilidad;<\/span><\/li><li style=\"font-weight: 400;\" aria-level=\"1\"><span style=\"font-weight: 400;\">Recursos adecuados y seguros: Garantizar que los recursos utilizados para realizar su funci\u00f3n se utilicen \u00fanicamente para los fines realizados en su actividad, y garantizar que los sistemas y la informaci\u00f3n bajo su responsabilidad est\u00e9n adecuadamente protegidos;<\/span><\/li><li style=\"font-weight: 400;\" aria-level=\"1\"><span style=\"font-weight: 400;\">Cumplimiento de normas: Cumplir con las leyes que regulan las actividades de Mconf y su mercado operativo;<\/span><\/li><li style=\"font-weight: 400;\" aria-level=\"1\"><span style=\"font-weight: 400;\">Seguridad de la informaci\u00f3n: Seleccionar mecanismos de seguridad de la informaci\u00f3n, equilibrando factores de riesgo, tecnolog\u00eda y costo;<\/span><\/li><li style=\"font-weight: 400;\" aria-level=\"1\"><span style=\"font-weight: 400;\">Continuidad: Asegurar la continuidad del procesamiento de informaci\u00f3n comercial cr\u00edtica;<\/span><\/li><li style=\"font-weight: 400;\" aria-level=\"1\"><span style=\"font-weight: 400;\">Notificaci\u00f3n de incidentes: Informar inmediatamente a los responsables de cualquier incidente de ciberseguridad o incumplimiento de esta Pol\u00edtica.<\/span><\/li><\/ul><p><span style=\"font-weight: 400;\">El objetivo de la gesti\u00f3n de seguridad de la informaci\u00f3n de Mconf es asegurar la gesti\u00f3n sistem\u00e1tica y efectiva de todos los aspectos relacionados con la seguridad de la informaci\u00f3n, brindando soporte a las operaciones del negocio y minimizando los riesgos identificados y sus posibles impactos en la instituci\u00f3n. Con este fin, la junta directiva, la gerencia y otras coordinaciones se comprometen a una gesti\u00f3n eficaz para estos fines y adoptan todas las medidas apropiadas para garantizar que esta Pol\u00edtica se comunique, comprenda y siga adecuadamente en todos los niveles de Mconf.<\/span><\/p><p><span style=\"font-weight: 400;\">Adem\u00e1s de este documento de Pol\u00edtica General de Seguridad de la Informaci\u00f3n, sistem\u00e1ticamente se elaboran pol\u00edticas y est\u00e1ndares complementarios (p\u00fablicos e internos), con el objetivo de garantizar el cumplimiento de los requisitos de confidencialidad, integridad y disponibilidad de la informaci\u00f3n de Mconf. La empresa tambi\u00e9n se pone a disposici\u00f3n de empleados, empleados, socios, clientes y p\u00fablico en general que requieran asistencia para comprender y\/o adaptarse a esta Pol\u00edtica, as\u00ed como a otras pol\u00edticas y est\u00e1ndares complementarios.<\/span><\/p><p><span style=\"font-weight: 400;\">No menos importante, Mconf entiende que es de suma importancia mantener altos est\u00e1ndares de calidad en la prestaci\u00f3n de servicios, relaciones s\u00f3lidas de beneficio mutuo con todos sus grupos de inter\u00e9s y capacidad de innovaci\u00f3n, garantizando al mismo tiempo el cumplimiento de esta Pol\u00edtica General de Seguridad de la Informaci\u00f3n.<\/span><\/p>\t\t\t\t\t\t<\/div>\n\t\t\t\t<\/div>\n\t\t\t\t<div class=\"elementor-element elementor-element-ba149ad elementor-widget elementor-widget-heading\" data-id=\"ba149ad\" data-element_type=\"widget\" data-widget_type=\"heading.default\">\n\t\t\t\t<div class=\"elementor-widget-container\">\n\t\t\t<h2 class=\"elementor-heading-title elementor-size-default\">Reglas y procedimientos<\/h2>\t\t<\/div>\n\t\t\t\t<\/div>\n\t\t\t\t<div class=\"elementor-element elementor-element-4d9da71 termos elementor-widget elementor-widget-text-editor\" data-id=\"4d9da71\" data-element_type=\"widget\" data-widget_type=\"text-editor.default\">\n\t\t\t\t<div class=\"elementor-widget-container\">\n\t\t\t\t\t\t\t<p><span style=\"font-weight: 400;\">Mconf est\u00e1 comprometido con la mejora continua de los procedimientos relacionados con la ciberseguridad, buscando siempre mantener la empresa cumpliendo con los est\u00e1ndares legales y regulatorios en los temas antes mencionados, guiados por los principios, conceptos, valores y pr\u00e1cticas aqu\u00ed adoptados, con el objetivo de asegurar la confidencialidad, integridad y disponibilidad de los datos de la empresa.<\/span><\/p>\t\t\t\t\t\t<\/div>\n\t\t\t\t<\/div>\n\t\t\t\t<div class=\"elementor-element elementor-element-71d0d30 elementor-widget elementor-widget-heading\" data-id=\"71d0d30\" data-element_type=\"widget\" data-widget_type=\"heading.default\">\n\t\t\t\t<div class=\"elementor-widget-container\">\n\t\t\t<h2 class=\"elementor-heading-title elementor-size-default\">Funciones y responsabilidades<\/h2>\t\t<\/div>\n\t\t\t\t<\/div>\n\t\t\t\t<div class=\"elementor-element elementor-element-9fba8f5 termos elementor-widget elementor-widget-text-editor\" data-id=\"9fba8f5\" data-element_type=\"widget\" data-widget_type=\"text-editor.default\">\n\t\t\t\t<div class=\"elementor-widget-container\">\n\t\t\t\t\t\t\t<p><span style=\"font-weight: 400;\">Todos los destinatarios y Mconf son responsables de adoptar y cumplir con las pautas, deberes, controles y pr\u00e1cticas que les sean aplicables contenidas en esta Pol\u00edtica, asegurando que todos aquellos con quienes se mantienen relaciones profesionales cumplan todos los est\u00e1ndares \u00e9ticos y legales, e informando de inmediato. cualquier infracci\u00f3n, para la adopci\u00f3n de las medidas respectivas, seg\u00fan su gravedad.<\/span><\/p>\t\t\t\t\t\t<\/div>\n\t\t\t\t<\/div>\n\t\t\t\t<div class=\"elementor-element elementor-element-9e3d96c elementor-widget elementor-widget-heading\" data-id=\"9e3d96c\" data-element_type=\"widget\" data-widget_type=\"heading.default\">\n\t\t\t\t<div class=\"elementor-widget-container\">\n\t\t\t<h2 class=\"elementor-heading-title elementor-size-default\">Actualizaciones y vigencia<\/h2>\t\t<\/div>\n\t\t\t\t<\/div>\n\t\t\t\t<div class=\"elementor-element elementor-element-3d18562 termos elementor-widget elementor-widget-text-editor\" data-id=\"3d18562\" data-element_type=\"widget\" data-widget_type=\"text-editor.default\">\n\t\t\t\t<div class=\"elementor-widget-container\">\n\t\t\t\t\t\t\t<p><span style=\"font-weight: 400;\">Esta Pol\u00edtica entra en vigor a partir de la fecha de su publicaci\u00f3n y disponibilidad y ser\u00e1 revisada y actualizada peri\u00f3dicamente, al menos una vez cada 12 (doce) meses. <\/span><\/p>\t\t\t\t\t\t<\/div>\n\t\t\t\t<\/div>\n\t\t\t\t<div class=\"elementor-element elementor-element-479db61 elementor-widget-divider--view-line elementor-widget elementor-widget-divider\" data-id=\"479db61\" data-element_type=\"widget\" data-widget_type=\"divider.default\">\n\t\t\t\t<div class=\"elementor-widget-container\">\n\t\t\t<style>\/*! elementor - v3.21.0 - 08-05-2024 *\/\n.elementor-widget-divider{--divider-border-style:none;--divider-border-width:1px;--divider-color:#0c0d0e;--divider-icon-size:20px;--divider-element-spacing:10px;--divider-pattern-height:24px;--divider-pattern-size:20px;--divider-pattern-url:none;--divider-pattern-repeat:repeat-x}.elementor-widget-divider .elementor-divider{display:flex}.elementor-widget-divider .elementor-divider__text{font-size:15px;line-height:1;max-width:95%}.elementor-widget-divider .elementor-divider__element{margin:0 var(--divider-element-spacing);flex-shrink:0}.elementor-widget-divider .elementor-icon{font-size:var(--divider-icon-size)}.elementor-widget-divider .elementor-divider-separator{display:flex;margin:0;direction:ltr}.elementor-widget-divider--view-line_icon .elementor-divider-separator,.elementor-widget-divider--view-line_text .elementor-divider-separator{align-items:center}.elementor-widget-divider--view-line_icon .elementor-divider-separator:after,.elementor-widget-divider--view-line_icon .elementor-divider-separator:before,.elementor-widget-divider--view-line_text .elementor-divider-separator:after,.elementor-widget-divider--view-line_text .elementor-divider-separator:before{display:block;content:\"\";border-block-end:0;flex-grow:1;border-block-start:var(--divider-border-width) var(--divider-border-style) var(--divider-color)}.elementor-widget-divider--element-align-left .elementor-divider .elementor-divider-separator>.elementor-divider__svg:first-of-type{flex-grow:0;flex-shrink:100}.elementor-widget-divider--element-align-left .elementor-divider-separator:before{content:none}.elementor-widget-divider--element-align-left .elementor-divider__element{margin-left:0}.elementor-widget-divider--element-align-right .elementor-divider .elementor-divider-separator>.elementor-divider__svg:last-of-type{flex-grow:0;flex-shrink:100}.elementor-widget-divider--element-align-right .elementor-divider-separator:after{content:none}.elementor-widget-divider--element-align-right .elementor-divider__element{margin-right:0}.elementor-widget-divider--element-align-start .elementor-divider .elementor-divider-separator>.elementor-divider__svg:first-of-type{flex-grow:0;flex-shrink:100}.elementor-widget-divider--element-align-start .elementor-divider-separator:before{content:none}.elementor-widget-divider--element-align-start .elementor-divider__element{margin-inline-start:0}.elementor-widget-divider--element-align-end .elementor-divider .elementor-divider-separator>.elementor-divider__svg:last-of-type{flex-grow:0;flex-shrink:100}.elementor-widget-divider--element-align-end .elementor-divider-separator:after{content:none}.elementor-widget-divider--element-align-end .elementor-divider__element{margin-inline-end:0}.elementor-widget-divider:not(.elementor-widget-divider--view-line_text):not(.elementor-widget-divider--view-line_icon) .elementor-divider-separator{border-block-start:var(--divider-border-width) var(--divider-border-style) var(--divider-color)}.elementor-widget-divider--separator-type-pattern{--divider-border-style:none}.elementor-widget-divider--separator-type-pattern.elementor-widget-divider--view-line .elementor-divider-separator,.elementor-widget-divider--separator-type-pattern:not(.elementor-widget-divider--view-line) .elementor-divider-separator:after,.elementor-widget-divider--separator-type-pattern:not(.elementor-widget-divider--view-line) .elementor-divider-separator:before,.elementor-widget-divider--separator-type-pattern:not([class*=elementor-widget-divider--view]) .elementor-divider-separator{width:100%;min-height:var(--divider-pattern-height);-webkit-mask-size:var(--divider-pattern-size) 100%;mask-size:var(--divider-pattern-size) 100%;-webkit-mask-repeat:var(--divider-pattern-repeat);mask-repeat:var(--divider-pattern-repeat);background-color:var(--divider-color);-webkit-mask-image:var(--divider-pattern-url);mask-image:var(--divider-pattern-url)}.elementor-widget-divider--no-spacing{--divider-pattern-size:auto}.elementor-widget-divider--bg-round{--divider-pattern-repeat:round}.rtl .elementor-widget-divider .elementor-divider__text{direction:rtl}.e-con-inner>.elementor-widget-divider,.e-con>.elementor-widget-divider{width:var(--container-widget-width,100%);--flex-grow:var(--container-widget-flex-grow)}<\/style>\t\t<div class=\"elementor-divider\">\n\t\t\t<span class=\"elementor-divider-separator\">\n\t\t\t\t\t\t<\/span>\n\t\t<\/div>\n\t\t\t\t<\/div>\n\t\t\t\t<\/div>\n\t\t\t\t<div class=\"elementor-element elementor-element-06214a5 elementor-widget elementor-widget-heading\" data-id=\"06214a5\" data-element_type=\"widget\" data-widget_type=\"heading.default\">\n\t\t\t\t<div class=\"elementor-widget-container\">\n\t\t\t<h2 class=\"elementor-heading-title elementor-size-default\">\u00daltima actualizaci\u00f3n agosto de 2024<\/h2>\t\t<\/div>\n\t\t\t\t<\/div>\n\t\t\t\t\t<\/div>\n\t\t\t\t<\/div>\n\t\t\t\t\t<\/div>\n\t\t\t\t<\/div>\n\t\t\t\t<\/div>","protected":false},"excerpt":{"rendered":"<p>Pol\u00edtica Geral da Seguran\u00e7a da Informa\u00e7\u00e3o Introdu\u00e7\u00e3o A Mconf tem como miss\u00e3o possibilitar conex\u00f5es e expandir neg\u00f3cios por meio da tecnologia. Dentre nossos valores, a integridade como aspecto fundamental reflete o quanto a seguran\u00e7a da informa\u00e7\u00e3o \u00e9 essencial para assegurar a qualidade e a confiabilidade em nossos produtos, bem como para garantir o melhor ambiente [&hellip;]<\/p>","protected":false},"author":2,"featured_media":0,"parent":0,"menu_order":0,"comment_status":"closed","ping_status":"closed","template":"elementor_header_footer","meta":[],"aioseo_notices":[],"jetpack_sharing_enabled":true,"_links":{"self":[{"href":"https:\/\/elos.vc\/site\/es\/wp-json\/wp\/v2\/pages\/3716"}],"collection":[{"href":"https:\/\/elos.vc\/site\/es\/wp-json\/wp\/v2\/pages"}],"about":[{"href":"https:\/\/elos.vc\/site\/es\/wp-json\/wp\/v2\/types\/page"}],"author":[{"embeddable":true,"href":"https:\/\/elos.vc\/site\/es\/wp-json\/wp\/v2\/users\/2"}],"replies":[{"embeddable":true,"href":"https:\/\/elos.vc\/site\/es\/wp-json\/wp\/v2\/comments?post=3716"}],"version-history":[{"count":16,"href":"https:\/\/elos.vc\/site\/es\/wp-json\/wp\/v2\/pages\/3716\/revisions"}],"predecessor-version":[{"id":3745,"href":"https:\/\/elos.vc\/site\/es\/wp-json\/wp\/v2\/pages\/3716\/revisions\/3745"}],"wp:attachment":[{"href":"https:\/\/elos.vc\/site\/es\/wp-json\/wp\/v2\/media?parent=3716"}],"curies":[{"name":"wp","href":"https:\/\/api.w.org\/{rel}","templated":true}]}}