{"id":3597,"date":"2024-07-12T15:20:02","date_gmt":"2024-07-12T15:20:02","guid":{"rendered":"https:\/\/elos.vc\/site\/?page_id=3597"},"modified":"2024-11-13T14:50:17","modified_gmt":"2024-11-13T14:50:17","slug":"dpo","status":"publish","type":"page","link":"https:\/\/elos.vc\/site\/es\/dpo\/","title":{"rendered":"DPO"},"content":{"rendered":"<div data-elementor-type=\"wp-page\" data-elementor-id=\"3597\" class=\"elementor elementor-3597\" data-elementor-post-type=\"page\">\n\t\t\t\t<div class=\"elementor-element elementor-element-34b19e17 e-flex e-con-boxed elementor-invisible e-con e-parent\" data-id=\"34b19e17\" data-element_type=\"container\" data-settings=\"{&quot;animation&quot;:&quot;fadeIn&quot;}\">\n\t\t\t\t\t<div class=\"e-con-inner\">\n\t\t<div class=\"elementor-element elementor-element-65bd2eb3 e-flex e-con-boxed e-con e-child\" data-id=\"65bd2eb3\" data-element_type=\"container\">\n\t\t\t\t\t<div class=\"e-con-inner\">\n\t\t\t\t<div class=\"elementor-element elementor-element-6cc7903b elementor-widget elementor-widget-heading\" data-id=\"6cc7903b\" data-element_type=\"widget\" data-widget_type=\"heading.default\">\n\t\t\t\t<div class=\"elementor-widget-container\">\n\t\t\t<style>\/*! elementor - v3.21.0 - 08-05-2024 *\/\n.elementor-heading-title{padding:0;margin:0;line-height:1}.elementor-widget-heading .elementor-heading-title[class*=elementor-size-]>a{color:inherit;font-size:inherit;line-height:inherit}.elementor-widget-heading .elementor-heading-title.elementor-size-small{font-size:15px}.elementor-widget-heading .elementor-heading-title.elementor-size-medium{font-size:19px}.elementor-widget-heading .elementor-heading-title.elementor-size-large{font-size:29px}.elementor-widget-heading .elementor-heading-title.elementor-size-xl{font-size:39px}.elementor-widget-heading .elementor-heading-title.elementor-size-xxl{font-size:59px}<\/style><h2 class=\"elementor-heading-title elementor-size-default\">Carta de designaci\u00f3n del Responsable del Tratamiento de Datos Personales<\/h2>\t\t<\/div>\n\t\t\t\t<\/div>\n\t\t\t\t<div class=\"elementor-element elementor-element-6a43fc5c termos elementor-widget elementor-widget-text-editor\" data-id=\"6a43fc5c\" data-element_type=\"widget\" data-widget_type=\"text-editor.default\">\n\t\t\t\t<div class=\"elementor-widget-container\">\n\t\t\t<style>\/*! elementor - v3.21.0 - 08-05-2024 *\/\n.elementor-widget-text-editor.elementor-drop-cap-view-stacked .elementor-drop-cap{background-color:#69727d;color:#fff}.elementor-widget-text-editor.elementor-drop-cap-view-framed .elementor-drop-cap{color:#69727d;border:3px solid;background-color:transparent}.elementor-widget-text-editor:not(.elementor-drop-cap-view-default) .elementor-drop-cap{margin-top:8px}.elementor-widget-text-editor:not(.elementor-drop-cap-view-default) .elementor-drop-cap-letter{width:1em;height:1em}.elementor-widget-text-editor .elementor-drop-cap{float:left;text-align:center;line-height:1;font-size:50px}.elementor-widget-text-editor .elementor-drop-cap-letter{display:inline-block}<\/style>\t\t\t\t<p><span style=\"font-weight: 400;\">A trav\u00e9s de la presente comunicaci\u00f3n, <\/span><b>MCONF<\/b><span style=\"font-weight: 400;\">,  a trav\u00e9s de sus deberes legales como Responsable y\/u Operador de Datos, designa al Responsable del Tratamiento de Datos Personales (<\/span><b>ENCARGADO<\/b><span style=\"font-weight: 400;\">), de conformidad con el art. 41, de la Ley General de Protecci\u00f3n de Datos Personales (<\/span><b>LGPD<\/b><span style=\"font-weight: 400;\">) y art\u00edculos 38 y 39 del Reglamento General de Protecci\u00f3n de Datos (<\/span><b>GDPR<\/b><span style=\"font-weight: 400;\">): <strong>Pedro Henrique Branco de Oliveira<\/strong><\/span><span style=\"font-weight: 400;\">, cuyo canal de contacto directo es la direcci\u00f3n de correo electr\u00f3nico <a href=\"mailto:dpo.mconf@silvalopes.adv.br\">dpo.mconf@silvalopes.adv.br<\/a><\/span><span style=\"font-weight: 400;\">.\u00a0<\/span><\/p><p class=\"translation-block\">El nombramiento entra en vigencia a la fecha de la firma de la presente carta y tiene vigencia por tiempo indefinido, formaliz\u00e1ndose ante el Representante Legal de <b>MCONF<\/b> y el propio <b>DELEGADO<\/b>.<\/p>\t\t\t\t\t\t<\/div>\n\t\t\t\t<\/div>\n\t\t\t\t<div class=\"elementor-element elementor-element-336e14b1 termos elementor-widget elementor-widget-text-editor\" data-id=\"336e14b1\" data-element_type=\"widget\" data-widget_type=\"text-editor.default\">\n\t\t\t\t<div class=\"elementor-widget-container\">\n\t\t\t\t\t\t\t<h2 class=\"title-section\"><strong>Responsabilidades y tareas del DELEGADO<\/strong><\/h2><p><span style=\"font-weight: 400;\">El <b>DELEGADO<\/b> realizar\u00e1 las siguientes tareas de conformidad con el art. 41 de la Ley General de Protecci\u00f3n de Datos Personales:<\/span><\/p><ul><li style=\"font-weight: 400;\" aria-level=\"1\"><span style=\"font-weight: 400;\">Aceptar quejas y comunicaciones de los titulares, brindar aclaraciones y adoptar medidas;<\/span><\/li><li style=\"font-weight: 400;\" aria-level=\"1\"><span style=\"font-weight: 400;\">Recibir comunicaciones de la autoridad nacional y adoptar medidas;<\/span><\/li><li style=\"font-weight: 400;\" aria-level=\"1\"><span style=\"font-weight: 400;\">Orientar a los empleados y contratistas de la empresa sobre las pr\u00e1cticas a tomar en relaci\u00f3n con la protecci\u00f3n de datos personales;<\/span><\/li><li style=\"font-weight: 400;\" aria-level=\"1\"><span style=\"font-weight: 400;\">Realizar otras funciones que determine el responsable del tratamiento o que establezcan normas complementarias;<\/span><\/li><li style=\"font-weight: 400;\" aria-level=\"1\"><span style=\"font-weight: 400;\">Previa solicitud, asesorar a los Responsables y Operadores en la realizaci\u00f3n de una evaluaci\u00f3n de impacto en materia de protecci\u00f3n de datos y sus implementaciones, de conformidad con la Ley General de Protecci\u00f3n de Datos Personales (<b>LGPD<\/b>);<\/span><\/li><li style=\"font-weight: 400;\" aria-level=\"1\"><span style=\"font-weight: 400;\">Actuar como punto de contacto de la Autoridad Nacional de Protecci\u00f3n de Datos en cuestiones relacionadas con el tratamiento de datos personales, incluidas las consultas previas sobre la evaluaci\u00f3n de impacto en materia de protecci\u00f3n de datos conforme a la Ley General de Protecci\u00f3n de Datos Personales (<b>LGPD<\/b>), cuando corresponda, asesorando en todas las dem\u00e1s cuestiones;<\/span><\/li><li style=\"font-weight: 400;\" aria-level=\"1\"><span style=\"font-weight: 400;\">Actuar como punto de contacto para el ejercicio de los derechos de los interesados conforme a la Ley General de Protecci\u00f3n de Datos Personales (<b>LGPD<\/b>) y tramitar sus consultas relacionadas con las actividades de tratamiento de datos.<\/span><\/li><\/ul>\t\t\t\t\t\t<\/div>\n\t\t\t\t<\/div>\n\t\t\t\t<div class=\"elementor-element elementor-element-256e1a87 termos elementor-widget elementor-widget-text-editor\" data-id=\"256e1a87\" data-element_type=\"widget\" data-widget_type=\"text-editor.default\">\n\t\t\t\t<div class=\"elementor-widget-container\">\n\t\t\t\t\t\t\t<h2 class=\"title-section\"><strong>Deberes de MCONF<\/strong><\/h2><p><span style=\"font-weight: 400;\"><b>MCONF<\/b> se compromete a:<\/span><\/p><ul><li style=\"font-weight: 400;\" aria-level=\"1\"><span style=\"font-weight: 400;\">Proporcionar al <b>DELEGADO<\/b> todos los medios, recursos econ\u00f3micos y personal necesarios, a fin de permitir el adecuado desempe\u00f1o de sus tareas y funciones;<\/span><\/li><li style=\"font-weight: 400;\" aria-level=\"1\"><span style=\"font-weight: 400;\">Involucrar oportunamente al <b>DELEGADO<\/b> en todo lo relacionado con la protecci\u00f3n de datos personales;<\/span><\/li><li style=\"font-weight: 400;\" aria-level=\"1\"><span style=\"font-weight: 400;\">Abstenerse de dar instrucciones sobre c\u00f3mo el <b>DELEGADO<\/b> debe realizar sus tareas;<\/span><\/li><li style=\"font-weight: 400;\" aria-level=\"1\"><span style=\"font-weight: 400;\">Verificar que el <b>DELEGADO<\/b> realice sus tareas de forma aut\u00f3noma e independiente;<\/span><\/li><li style=\"font-weight: 400;\" aria-level=\"1\"><span style=\"font-weight: 400;\">Decidir sin demora sobre la adopci\u00f3n de medidas de adecuaci\u00f3n y medidas de mitigaci\u00f3n de da\u00f1os, atenci\u00f3n de violaciones e incidentes, comunicaciones al p\u00fablico y autoridades, y otras decisiones ejecutivas en materia de privacidad y protecci\u00f3n de datos llevadas a la alta direcci\u00f3n por el <b>DELEGADO<\/b>;<\/span><\/li><li style=\"font-weight: 400;\" aria-level=\"1\"><span style=\"font-weight: 400;\">Mantener p\u00fablicamente disponibles los datos de contacto del <b>Delegado<\/b>.<\/span><\/li><\/ul><p><span style=\"font-weight: 400;\">El nombre y los datos de contacto del <b>DELEGADO<\/b> ser\u00e1n compartidos por <b>MCONF<\/b> y, cuando sea necesario, comunicados oficialmente a la Autoridad Nacional de Protecci\u00f3n de Datos y al p\u00fablico.<\/span><\/p><p><span style=\"font-weight: 400;\">Finalmente, se proporciona la direcci\u00f3n de correo electr\u00f3nico del <b>DELEGADO<\/b> para que los Titulares puedan ejercer sus derechos: <a href=\"mailto:dpo.mconf@silvalopes.adv.br\">dpo.mconf@silvalopes.adv.br<\/a><\/span><span style=\"font-weight: 400;\">.<\/span><\/p>\t\t\t\t\t\t<\/div>\n\t\t\t\t<\/div>\n\t\t\t\t\t<\/div>\n\t\t\t\t<\/div>\n\t\t\t\t<div class=\"elementor-element elementor-element-594280fd elementor-widget-divider--view-line elementor-widget elementor-widget-divider\" data-id=\"594280fd\" data-element_type=\"widget\" data-widget_type=\"divider.default\">\n\t\t\t\t<div class=\"elementor-widget-container\">\n\t\t\t<style>\/*! elementor - v3.21.0 - 08-05-2024 *\/\n.elementor-widget-divider{--divider-border-style:none;--divider-border-width:1px;--divider-color:#0c0d0e;--divider-icon-size:20px;--divider-element-spacing:10px;--divider-pattern-height:24px;--divider-pattern-size:20px;--divider-pattern-url:none;--divider-pattern-repeat:repeat-x}.elementor-widget-divider .elementor-divider{display:flex}.elementor-widget-divider .elementor-divider__text{font-size:15px;line-height:1;max-width:95%}.elementor-widget-divider .elementor-divider__element{margin:0 var(--divider-element-spacing);flex-shrink:0}.elementor-widget-divider .elementor-icon{font-size:var(--divider-icon-size)}.elementor-widget-divider .elementor-divider-separator{display:flex;margin:0;direction:ltr}.elementor-widget-divider--view-line_icon .elementor-divider-separator,.elementor-widget-divider--view-line_text .elementor-divider-separator{align-items:center}.elementor-widget-divider--view-line_icon .elementor-divider-separator:after,.elementor-widget-divider--view-line_icon .elementor-divider-separator:before,.elementor-widget-divider--view-line_text .elementor-divider-separator:after,.elementor-widget-divider--view-line_text .elementor-divider-separator:before{display:block;content:\"\";border-block-end:0;flex-grow:1;border-block-start:var(--divider-border-width) var(--divider-border-style) var(--divider-color)}.elementor-widget-divider--element-align-left .elementor-divider .elementor-divider-separator>.elementor-divider__svg:first-of-type{flex-grow:0;flex-shrink:100}.elementor-widget-divider--element-align-left .elementor-divider-separator:before{content:none}.elementor-widget-divider--element-align-left .elementor-divider__element{margin-left:0}.elementor-widget-divider--element-align-right .elementor-divider .elementor-divider-separator>.elementor-divider__svg:last-of-type{flex-grow:0;flex-shrink:100}.elementor-widget-divider--element-align-right .elementor-divider-separator:after{content:none}.elementor-widget-divider--element-align-right .elementor-divider__element{margin-right:0}.elementor-widget-divider--element-align-start .elementor-divider .elementor-divider-separator>.elementor-divider__svg:first-of-type{flex-grow:0;flex-shrink:100}.elementor-widget-divider--element-align-start .elementor-divider-separator:before{content:none}.elementor-widget-divider--element-align-start .elementor-divider__element{margin-inline-start:0}.elementor-widget-divider--element-align-end .elementor-divider .elementor-divider-separator>.elementor-divider__svg:last-of-type{flex-grow:0;flex-shrink:100}.elementor-widget-divider--element-align-end .elementor-divider-separator:after{content:none}.elementor-widget-divider--element-align-end .elementor-divider__element{margin-inline-end:0}.elementor-widget-divider:not(.elementor-widget-divider--view-line_text):not(.elementor-widget-divider--view-line_icon) .elementor-divider-separator{border-block-start:var(--divider-border-width) var(--divider-border-style) var(--divider-color)}.elementor-widget-divider--separator-type-pattern{--divider-border-style:none}.elementor-widget-divider--separator-type-pattern.elementor-widget-divider--view-line .elementor-divider-separator,.elementor-widget-divider--separator-type-pattern:not(.elementor-widget-divider--view-line) .elementor-divider-separator:after,.elementor-widget-divider--separator-type-pattern:not(.elementor-widget-divider--view-line) .elementor-divider-separator:before,.elementor-widget-divider--separator-type-pattern:not([class*=elementor-widget-divider--view]) .elementor-divider-separator{width:100%;min-height:var(--divider-pattern-height);-webkit-mask-size:var(--divider-pattern-size) 100%;mask-size:var(--divider-pattern-size) 100%;-webkit-mask-repeat:var(--divider-pattern-repeat);mask-repeat:var(--divider-pattern-repeat);background-color:var(--divider-color);-webkit-mask-image:var(--divider-pattern-url);mask-image:var(--divider-pattern-url)}.elementor-widget-divider--no-spacing{--divider-pattern-size:auto}.elementor-widget-divider--bg-round{--divider-pattern-repeat:round}.rtl .elementor-widget-divider .elementor-divider__text{direction:rtl}.e-con-inner>.elementor-widget-divider,.e-con>.elementor-widget-divider{width:var(--container-widget-width,100%);--flex-grow:var(--container-widget-flex-grow)}<\/style>\t\t<div class=\"elementor-divider\">\n\t\t\t<span class=\"elementor-divider-separator\">\n\t\t\t\t\t\t<\/span>\n\t\t<\/div>\n\t\t\t\t<\/div>\n\t\t\t\t<\/div>\n\t\t\t\t<div class=\"elementor-element elementor-element-32350685 elementor-widget elementor-widget-heading\" data-id=\"32350685\" data-element_type=\"widget\" data-widget_type=\"heading.default\">\n\t\t\t\t<div class=\"elementor-widget-container\">\n\t\t\t<h2 class=\"elementor-heading-title elementor-size-default\">Porto Alegre, 13 de novembro de 2024<\/h2>\t\t<\/div>\n\t\t\t\t<\/div>\n\t\t\t\t\t<\/div>\n\t\t\t\t<\/div>\n\t\t\t\t<\/div>","protected":false},"excerpt":{"rendered":"<p>Carta de nomea\u00e7\u00e3o do Encarregado pelo Tratamento de Dados Pessoais Por meio desta comunica\u00e7\u00e3o, a MCONF, mediante suas atribui\u00e7\u00f5es legais de Controladora e\/ou de Operadora de dados, nomeia como Encarregado pelo Tratamento de Dados Pessoais (ENCARREGADO), nos termos do art. 41, da Lei Geral de Prote\u00e7\u00e3o de Dados Pessoais (LGPD) e dos artigos 38 e [&hellip;]<\/p>","protected":false},"author":2,"featured_media":0,"parent":0,"menu_order":0,"comment_status":"closed","ping_status":"closed","template":"elementor_header_footer","meta":[],"aioseo_notices":[],"jetpack_sharing_enabled":true,"_links":{"self":[{"href":"https:\/\/elos.vc\/site\/es\/wp-json\/wp\/v2\/pages\/3597"}],"collection":[{"href":"https:\/\/elos.vc\/site\/es\/wp-json\/wp\/v2\/pages"}],"about":[{"href":"https:\/\/elos.vc\/site\/es\/wp-json\/wp\/v2\/types\/page"}],"author":[{"embeddable":true,"href":"https:\/\/elos.vc\/site\/es\/wp-json\/wp\/v2\/users\/2"}],"replies":[{"embeddable":true,"href":"https:\/\/elos.vc\/site\/es\/wp-json\/wp\/v2\/comments?post=3597"}],"version-history":[{"count":7,"href":"https:\/\/elos.vc\/site\/es\/wp-json\/wp\/v2\/pages\/3597\/revisions"}],"predecessor-version":[{"id":4016,"href":"https:\/\/elos.vc\/site\/es\/wp-json\/wp\/v2\/pages\/3597\/revisions\/4016"}],"wp:attachment":[{"href":"https:\/\/elos.vc\/site\/es\/wp-json\/wp\/v2\/media?parent=3597"}],"curies":[{"name":"wp","href":"https:\/\/api.w.org\/{rel}","templated":true}]}}