{"id":2772,"date":"2023-10-10T13:57:01","date_gmt":"2023-10-10T13:57:01","guid":{"rendered":"https:\/\/elos.vc\/site\/case-mackenzie-2\/"},"modified":"2023-10-16T14:33:56","modified_gmt":"2023-10-16T14:33:56","slug":"mackenzie","status":"publish","type":"page","link":"https:\/\/elos.vc\/site\/en\/mackenzie\/","title":{"rendered":"Case Mackenzie"},"content":{"rendered":"<div data-elementor-type=\"wp-page\" data-elementor-id=\"2772\" class=\"elementor elementor-2772\" data-elementor-post-type=\"page\">\n\t\t\t\t<div class=\"elementor-element elementor-element-8104477 e-flex e-con-boxed elementor-invisible e-con e-parent\" data-id=\"8104477\" data-element_type=\"container\" data-settings=\"{&quot;background_background&quot;:&quot;classic&quot;,&quot;animation&quot;:&quot;fadeIn&quot;}\">\n\t\t\t\t\t<div class=\"e-con-inner\">\n\t\t<div class=\"elementor-element elementor-element-3df680e6 e-con-full e-flex e-con e-child\" data-id=\"3df680e6\" data-element_type=\"container\" data-settings=\"{&quot;background_background&quot;:&quot;classic&quot;}\">\n\t\t\t\t<div class=\"elementor-element elementor-element-536e2542 elementor-widget elementor-widget-image\" data-id=\"536e2542\" data-element_type=\"widget\" data-widget_type=\"image.default\">\n\t\t\t\t<div class=\"elementor-widget-container\">\n\t\t\t<style>\/*! elementor - v3.21.0 - 08-05-2024 *\/\n.elementor-widget-image{text-align:center}.elementor-widget-image a{display:inline-block}.elementor-widget-image a img[src$=\".svg\"]{width:48px}.elementor-widget-image img{vertical-align:middle;display:inline-block}<\/style>\t\t\t\t\t\t\t\t\t\t<img decoding=\"async\" src=\"https:\/\/elos.vc\/wp-content\/uploads\/2023\/10\/MCK_horizontal_vermelho-1.svg\" class=\"attachment-full size-full wp-image-2490\" alt=\"\" \/>\t\t\t\t\t\t\t\t\t\t\t\t\t<\/div>\n\t\t\t\t<\/div>\n\t\t\t\t<\/div>\n\t\t\t\t\t<\/div>\n\t\t\t\t<\/div>\n\t\t<div class=\"elementor-element elementor-element-598e2107 e-flex e-con-boxed elementor-invisible e-con e-parent\" data-id=\"598e2107\" data-element_type=\"container\" data-settings=\"{&quot;animation&quot;:&quot;fadeIn&quot;}\">\n\t\t\t\t\t<div class=\"e-con-inner\">\n\t\t\t\t<div class=\"elementor-element elementor-element-6cea0758 elementor-widget elementor-widget-icon-box\" data-id=\"6cea0758\" data-element_type=\"widget\" data-widget_type=\"icon-box.default\">\n\t\t\t\t<div class=\"elementor-widget-container\">\n\t\t\t<link rel=\"stylesheet\" href=\"https:\/\/elos.vc\/wp-content\/plugins\/elementor\/assets\/css\/widget-icon-box.min.css\">\t\t<div class=\"elementor-icon-box-wrapper\">\n\n\t\t\t\n\t\t\t\t\t\t<div class=\"elementor-icon-box-content\">\n\n\t\t\t\t\n\t\t\t\t\t\t\t\t\t<p class=\"elementor-icon-box-description\">\n\t\t\t\t\t\tDue to the need to scale the virtual classroom system used by the Institution, with stability to support the large number of students and simultaneous classes and integration with the Moodle system, the partnership between Elos and Mackenzie began to be designed.\t\t\t\t\t<\/p>\n\t\t\t\t\n\t\t\t<\/div>\n\t\t\t\n\t\t<\/div>\n\t\t\t\t<\/div>\n\t\t\t\t<\/div>\n\t\t<div class=\"elementor-element elementor-element-37cd861b e-flex e-con-boxed e-con e-child\" data-id=\"37cd861b\" data-element_type=\"container\">\n\t\t\t\t\t<div class=\"e-con-inner\">\n\t\t\t\t<div class=\"elementor-element elementor-element-6b446326 elementor-widget elementor-widget-heading\" data-id=\"6b446326\" data-element_type=\"widget\" data-widget_type=\"heading.default\">\n\t\t\t\t<div class=\"elementor-widget-container\">\n\t\t\t<style>\/*! elementor - v3.21.0 - 08-05-2024 *\/\n.elementor-heading-title{padding:0;margin:0;line-height:1}.elementor-widget-heading .elementor-heading-title[class*=elementor-size-]>a{color:inherit;font-size:inherit;line-height:inherit}.elementor-widget-heading .elementor-heading-title.elementor-size-small{font-size:15px}.elementor-widget-heading .elementor-heading-title.elementor-size-medium{font-size:19px}.elementor-widget-heading .elementor-heading-title.elementor-size-large{font-size:29px}.elementor-widget-heading .elementor-heading-title.elementor-size-xl{font-size:39px}.elementor-widget-heading .elementor-heading-title.elementor-size-xxl{font-size:59px}<\/style><h2 class=\"elementor-heading-title elementor-size-default\">How do we help Mackenzie?<\/h2>\t\t<\/div>\n\t\t\t\t<\/div>\n\t\t\t\t<div class=\"elementor-element elementor-element-7a8bda8e elementor-widget elementor-widget-text-editor\" data-id=\"7a8bda8e\" data-element_type=\"widget\" data-widget_type=\"text-editor.default\">\n\t\t\t\t<div class=\"elementor-widget-container\">\n\t\t\t<style>\/*! elementor - v3.21.0 - 08-05-2024 *\/\n.elementor-widget-text-editor.elementor-drop-cap-view-stacked .elementor-drop-cap{background-color:#69727d;color:#fff}.elementor-widget-text-editor.elementor-drop-cap-view-framed .elementor-drop-cap{color:#69727d;border:3px solid;background-color:transparent}.elementor-widget-text-editor:not(.elementor-drop-cap-view-default) .elementor-drop-cap{margin-top:8px}.elementor-widget-text-editor:not(.elementor-drop-cap-view-default) .elementor-drop-cap-letter{width:1em;height:1em}.elementor-widget-text-editor .elementor-drop-cap{float:left;text-align:center;line-height:1;font-size:50px}.elementor-widget-text-editor .elementor-drop-cap-letter{display:inline-block}<\/style>\t\t\t\t<ul><li aria-level=\"1\">The integration followed the LTI standard so that Mackenzie was less dependent on the performance of Moodle itself when using Elos. Subsequently, the Institute changed its VLE and Elos was also integrated into Canvas via LTI;<br \/><br \/><\/li><li>The close, personalized and agile support in resolving any problems was also a crucial point for the experience and satisfaction with Elos;<br \/><br \/><\/li><li aria-level=\"1\">Features designed for education, which promote real-time interaction.<\/li><\/ul><p>\u00a0<\/p>\t\t\t\t\t\t<\/div>\n\t\t\t\t<\/div>\n\t\t\t\t\t<\/div>\n\t\t\t\t<\/div>\n\t\t<div class=\"elementor-element elementor-element-9299a49 e-flex e-con-boxed e-con e-child\" data-id=\"9299a49\" data-element_type=\"container\" data-settings=\"{&quot;background_background&quot;:&quot;classic&quot;}\">\n\t\t\t\t\t<div class=\"e-con-inner\">\n\t\t\t\t<div class=\"elementor-element elementor-element-66a52be1 elementor-widget elementor-widget-text-editor\" data-id=\"66a52be1\" data-element_type=\"widget\" data-widget_type=\"text-editor.default\">\n\t\t\t\t<div class=\"elementor-widget-container\">\n\t\t\t\t\t\t\t<p><i><span style=\"font-weight: 400;\">According to Ricardo Fukuda, Technology and Innovation Manager at Mackenzie, distance learning activities must continue to expand and the use of pedagogical technologies, such as Elos, has become essential to achieve prominence in the market. <\/span><\/i><b><i>\u201cWe have to be more present in this market, using resources to be up to date and competitive compared to competitors.\u201d<\/i><\/b><\/p>\t\t\t\t\t\t<\/div>\n\t\t\t\t<\/div>\n\t\t\t\t\t<\/div>\n\t\t\t\t<\/div>\n\t\t\t\t\t<\/div>\n\t\t\t\t<\/div>\n\t\t<div class=\"elementor-element elementor-element-30c149ee e-flex e-con-boxed elementor-invisible e-con e-parent\" data-id=\"30c149ee\" data-element_type=\"container\" data-settings=\"{&quot;background_background&quot;:&quot;classic&quot;,&quot;animation&quot;:&quot;fadeIn&quot;}\">\n\t\t\t\t\t<div class=\"e-con-inner\">\n\t\t\t\t<div class=\"elementor-element elementor-element-1e1b0865 elementor-widget__width-initial elementor-widget elementor-widget-heading\" data-id=\"1e1b0865\" data-element_type=\"widget\" data-widget_type=\"heading.default\">\n\t\t\t\t<div class=\"elementor-widget-container\">\n\t\t\t<h2 class=\"elementor-heading-title elementor-size-default\">If you also want to have these results, get in touch with us<\/h2>\t\t<\/div>\n\t\t\t\t<\/div>\n\t\t\t\t<div class=\"elementor-element elementor-element-33c58cac elementor-widget elementor-widget-button\" data-id=\"33c58cac\" data-element_type=\"widget\" data-widget_type=\"button.default\">\n\t\t\t\t<div class=\"elementor-widget-container\">\n\t\t\t\t\t<div class=\"elementor-button-wrapper\">\n\t\t\t<a class=\"elementor-button elementor-button-link elementor-size-sm elementor-animation-grow\" href=\"https:\/\/elos.vc\/site\/en\/agendar-demonstracao\/\">\n\t\t\t\t\t\t<span class=\"elementor-button-content-wrapper\">\n\t\t\t\t\t\t\t\t\t<span class=\"elementor-button-text\">Talk to an expert<\/span>\n\t\t\t\t\t<\/span>\n\t\t\t\t\t<\/a>\n\t\t<\/div>\n\t\t\t\t<\/div>\n\t\t\t\t<\/div>\n\t\t\t\t\t<\/div>\n\t\t\t\t<\/div>\n\t\t<div class=\"elementor-element elementor-element-31b232c2 e-flex e-con-boxed e-con e-parent\" data-id=\"31b232c2\" data-element_type=\"container\">\n\t\t\t\t\t<div class=\"e-con-inner\">\n\t\t<div class=\"elementor-element elementor-element-41bef23c e-flex e-con-boxed e-con e-child\" data-id=\"41bef23c\" data-element_type=\"container\">\n\t\t\t\t\t<div class=\"e-con-inner\">\n\t\t\t\t<div class=\"elementor-element elementor-element-1dee648c elementor-widget elementor-widget-html\" data-id=\"1dee648c\" data-element_type=\"widget\" data-widget_type=\"html.default\">\n\t\t\t\t<div class=\"elementor-widget-container\">\n\t\t\t<style>\n    .content {\n        max-width: 1310px;\n    }\n<\/style>\t\t<\/div>\n\t\t\t\t<\/div>\n\t\t\t\t\t<\/div>\n\t\t\t\t<\/div>\n\t\t\t\t\t<\/div>\n\t\t\t\t<\/div>\n\t\t\t\t<\/div>","protected":false},"excerpt":{"rendered":"<p>Devido \u00e0 necessidade de escalar o sistema de sala de aula virtual utilizado pela Institui\u00e7\u00e3o, com estabilidade para suportar o grande n\u00famero de alunos e aulas simult\u00e2neas e integr\u00e1vel ao sistema Moodle, come\u00e7ou a se desenhar a parceria entre Elos e Mackenzie. Como auxiliamos o Mackenzie? A integra\u00e7\u00e3o seguiu o padr\u00e3o LTI para que o [&hellip;]<\/p>","protected":false},"author":1,"featured_media":0,"parent":0,"menu_order":0,"comment_status":"closed","ping_status":"closed","template":"elementor_header_footer","meta":[],"aioseo_notices":[],"jetpack_sharing_enabled":true,"_links":{"self":[{"href":"https:\/\/elos.vc\/site\/en\/wp-json\/wp\/v2\/pages\/2772"}],"collection":[{"href":"https:\/\/elos.vc\/site\/en\/wp-json\/wp\/v2\/pages"}],"about":[{"href":"https:\/\/elos.vc\/site\/en\/wp-json\/wp\/v2\/types\/page"}],"author":[{"embeddable":true,"href":"https:\/\/elos.vc\/site\/en\/wp-json\/wp\/v2\/users\/1"}],"replies":[{"embeddable":true,"href":"https:\/\/elos.vc\/site\/en\/wp-json\/wp\/v2\/comments?post=2772"}],"version-history":[{"count":13,"href":"https:\/\/elos.vc\/site\/en\/wp-json\/wp\/v2\/pages\/2772\/revisions"}],"predecessor-version":[{"id":3138,"href":"https:\/\/elos.vc\/site\/en\/wp-json\/wp\/v2\/pages\/2772\/revisions\/3138"}],"wp:attachment":[{"href":"https:\/\/elos.vc\/site\/en\/wp-json\/wp\/v2\/media?parent=2772"}],"curies":[{"name":"wp","href":"https:\/\/api.w.org\/{rel}","templated":true}]}}